{"id":909,"date":"2018-05-05T05:53:50","date_gmt":"2018-05-05T05:53:50","guid":{"rendered":"http:\/\/valerievaubourg.com\/?page_id=909"},"modified":"2024-06-05T18:13:37","modified_gmt":"2024-06-05T18:13:37","slug":"procnee-et-philomele-2","status":"publish","type":"page","link":"https:\/\/valerievaubourg.com\/?page_id=909","title":{"rendered":"Procn\u00e9e et Philom\u00e8le"},"content":{"rendered":"<p><a href=\"http:\/\/valerievaubourg.com\/?attachment_id=217\" rel=\"attachment wp-att-217\"><img loading=\"lazy\" decoding=\"async\" class=\"alignleft size-full wp-image-217\" src=\"http:\/\/valerievaubourg.com\/wp-content\/uploads\/2015\/04\/10861078_650408855062968_4282788392976269840_o.jpg\" alt=\"\" width=\"2048\" height=\"1448\" srcset=\"https:\/\/valerievaubourg.com\/wp-content\/uploads\/2015\/04\/10861078_650408855062968_4282788392976269840_o.jpg 2048w, https:\/\/valerievaubourg.com\/wp-content\/uploads\/2015\/04\/10861078_650408855062968_4282788392976269840_o-300x212.jpg 300w, https:\/\/valerievaubourg.com\/wp-content\/uploads\/2015\/04\/10861078_650408855062968_4282788392976269840_o-1024x724.jpg 1024w, https:\/\/valerievaubourg.com\/wp-content\/uploads\/2015\/04\/10861078_650408855062968_4282788392976269840_o-305x216.jpg 305w\" sizes=\"(max-width: 767px) 89vw, (max-width: 1000px) 54vw, (max-width: 1071px) 543px, 580px\" \/><\/a><\/p>\n<figure id=\"attachment_228\" aria-describedby=\"caption-attachment-228\" style=\"width: 4032px\" class=\"wp-caption alignleft\"><a href=\"http:\/\/valerievaubourg.com\/?attachment_id=228\" rel=\"attachment wp-att-228\"><img loading=\"lazy\" decoding=\"async\" class=\"size-full wp-image-228\" src=\"http:\/\/valerievaubourg.com\/wp-content\/uploads\/2014\/12\/procn\u00e9e.jpg\" alt=\"\" width=\"4032\" height=\"3024\" srcset=\"https:\/\/valerievaubourg.com\/wp-content\/uploads\/2014\/12\/procn\u00e9e.jpg 4032w, https:\/\/valerievaubourg.com\/wp-content\/uploads\/2014\/12\/procn\u00e9e-300x225.jpg 300w, https:\/\/valerievaubourg.com\/wp-content\/uploads\/2014\/12\/procn\u00e9e-1024x768.jpg 1024w, https:\/\/valerievaubourg.com\/wp-content\/uploads\/2014\/12\/procn\u00e9e-305x229.jpg 305w\" sizes=\"(max-width: 767px) 89vw, (max-width: 1000px) 54vw, (max-width: 1071px) 543px, 580px\" \/><\/a><figcaption id=\"caption-attachment-228\" class=\"wp-caption-text\">6.procn\u00e9e et philom\u00e9le, cadre d&rsquo;angle, encre et fil tendu<\/figcaption><\/figure>\n<figure id=\"attachment_720\" aria-describedby=\"caption-attachment-720\" style=\"width: 300px\" class=\"wp-caption alignleft\"><a href=\"http:\/\/valerievaubourg.com\/?attachment_id=720\" rel=\"attachment wp-att-720\"><img loading=\"lazy\" decoding=\"async\" class=\"size-full wp-image-720\" src=\"http:\/\/valerievaubourg.com\/wp-content\/uploads\/2014\/12\/vale-769-rie-..jpg\" alt=\"\" width=\"300\" height=\"454\" srcset=\"https:\/\/valerievaubourg.com\/wp-content\/uploads\/2014\/12\/vale-769-rie-..jpg 300w, https:\/\/valerievaubourg.com\/wp-content\/uploads\/2014\/12\/vale-769-rie-.-198x300.jpg 198w\" sizes=\"(max-width: 300px) 100vw, 300px\" \/><\/a><figcaption id=\"caption-attachment-720\" class=\"wp-caption-text\">Cadre d&rsquo;angle, dessin \u00e0 l&rsquo;encre et fil tendus<\/figcaption><\/figure>\n<figure id=\"attachment_231\" aria-describedby=\"caption-attachment-231\" style=\"width: 4032px\" class=\"wp-caption alignleft\"><a href=\"http:\/\/valerievaubourg.com\/?attachment_id=231\" rel=\"attachment wp-att-231\"><img loading=\"lazy\" decoding=\"async\" class=\"size-full wp-image-231\" src=\"http:\/\/valerievaubourg.com\/wp-content\/uploads\/2014\/12\/procn\u00e9-et-philom\u00e8le-copie.jpg\" alt=\"\" width=\"4032\" height=\"3024\" srcset=\"https:\/\/valerievaubourg.com\/wp-content\/uploads\/2014\/12\/procn\u00e9-et-philom\u00e8le-copie.jpg 4032w, https:\/\/valerievaubourg.com\/wp-content\/uploads\/2014\/12\/procn\u00e9-et-philom\u00e8le-copie-300x225.jpg 300w, https:\/\/valerievaubourg.com\/wp-content\/uploads\/2014\/12\/procn\u00e9-et-philom\u00e8le-copie-1024x768.jpg 1024w, https:\/\/valerievaubourg.com\/wp-content\/uploads\/2014\/12\/procn\u00e9-et-philom\u00e8le-copie-305x229.jpg 305w\" sizes=\"(max-width: 767px) 89vw, (max-width: 1000px) 54vw, (max-width: 1071px) 543px, 580px\" \/><\/a><figcaption id=\"caption-attachment-231\" class=\"wp-caption-text\">8.Procn\u00e9e et philom\u00e8le, encre et fil tendu. Cadre d&rsquo;angle.<\/figcaption><\/figure>\n<p><a href=\"http:\/\/valerievaubourg.com\/?attachment_id=232\" rel=\"attachment wp-att-232\"><img loading=\"lazy\" decoding=\"async\" class=\"alignleft size-full wp-image-232\" src=\"http:\/\/valerievaubourg.com\/wp-content\/uploads\/2014\/12\/procn\u00e9e1.jpg\" alt=\"\" width=\"4032\" height=\"3024\" srcset=\"https:\/\/valerievaubourg.com\/wp-content\/uploads\/2014\/12\/procn\u00e9e1.jpg 4032w, https:\/\/valerievaubourg.com\/wp-content\/uploads\/2014\/12\/procn\u00e9e1-300x225.jpg 300w, https:\/\/valerievaubourg.com\/wp-content\/uploads\/2014\/12\/procn\u00e9e1-1024x768.jpg 1024w, https:\/\/valerievaubourg.com\/wp-content\/uploads\/2014\/12\/procn\u00e9e1-305x229.jpg 305w\" sizes=\"(max-width: 767px) 89vw, (max-width: 1000px) 54vw, (max-width: 1071px) 543px, 580px\" \/><\/a><a href=\"http:\/\/valerievaubourg.com\/?attachment_id=226\" rel=\"attachment wp-att-226\"><img loading=\"lazy\" decoding=\"async\" class=\"alignleft size-full wp-image-226\" src=\"http:\/\/valerievaubourg.com\/wp-content\/uploads\/2014\/12\/procn\u00e9e-et-philo.jpg\" alt=\"\" width=\"3870\" height=\"3000\" srcset=\"https:\/\/valerievaubourg.com\/wp-content\/uploads\/2014\/12\/procn\u00e9e-et-philo.jpg 3870w, https:\/\/valerievaubourg.com\/wp-content\/uploads\/2014\/12\/procn\u00e9e-et-philo-300x233.jpg 300w, https:\/\/valerievaubourg.com\/wp-content\/uploads\/2014\/12\/procn\u00e9e-et-philo-1024x794.jpg 1024w, https:\/\/valerievaubourg.com\/wp-content\/uploads\/2014\/12\/procn\u00e9e-et-philo-305x236.jpg 305w\" sizes=\"(max-width: 767px) 89vw, (max-width: 1000px) 54vw, (max-width: 1071px) 543px, 580px\" \/><\/a><\/p>\n<figure id=\"attachment_164\" aria-describedby=\"caption-attachment-164\" style=\"width: 2244px\" class=\"wp-caption alignleft\"><a href=\"http:\/\/valerievaubourg.com\/?attachment_id=164\" rel=\"attachment wp-att-164\"><img loading=\"lazy\" decoding=\"async\" class=\"size-full wp-image-164\" src=\"http:\/\/valerievaubourg.com\/wp-content\/uploads\/2014\/12\/29.For\u00eat-enchant\u00e9e-dessin-pr\u00e9paratoire.jpg\" alt=\"\" width=\"2244\" height=\"2480\" srcset=\"https:\/\/valerievaubourg.com\/wp-content\/uploads\/2014\/12\/29.For\u00eat-enchant\u00e9e-dessin-pr\u00e9paratoire.jpg 2244w, https:\/\/valerievaubourg.com\/wp-content\/uploads\/2014\/12\/29.For\u00eat-enchant\u00e9e-dessin-pr\u00e9paratoire-271x300.jpg 271w, https:\/\/valerievaubourg.com\/wp-content\/uploads\/2014\/12\/29.For\u00eat-enchant\u00e9e-dessin-pr\u00e9paratoire-927x1024.jpg 927w, https:\/\/valerievaubourg.com\/wp-content\/uploads\/2014\/12\/29.For\u00eat-enchant\u00e9e-dessin-pr\u00e9paratoire-305x337.jpg 305w\" sizes=\"(max-width: 767px) 89vw, (max-width: 1000px) 54vw, (max-width: 1071px) 543px, 580px\" \/><\/a><figcaption id=\"caption-attachment-164\" class=\"wp-caption-text\">11.Procn\u00e9e et philom\u00e8le, encre rehauss\u00e9e de fil.<\/figcaption><\/figure>\n<figure id=\"attachment_251\" aria-describedby=\"caption-attachment-251\" style=\"width: 3024px\" class=\"wp-caption alignleft\"><a href=\"http:\/\/valerievaubourg.com\/?attachment_id=251\" rel=\"attachment wp-att-251\"><img loading=\"lazy\" decoding=\"async\" class=\"size-full wp-image-251\" src=\"http:\/\/valerievaubourg.com\/wp-content\/uploads\/2014\/12\/PB123490.jpg\" alt=\"\" width=\"3024\" height=\"4032\" srcset=\"https:\/\/valerievaubourg.com\/wp-content\/uploads\/2014\/12\/PB123490.jpg 3024w, https:\/\/valerievaubourg.com\/wp-content\/uploads\/2014\/12\/PB123490-225x300.jpg 225w, https:\/\/valerievaubourg.com\/wp-content\/uploads\/2014\/12\/PB123490-768x1024.jpg 768w, https:\/\/valerievaubourg.com\/wp-content\/uploads\/2014\/12\/PB123490-305x407.jpg 305w\" sizes=\"(max-width: 767px) 89vw, (max-width: 1000px) 54vw, (max-width: 1071px) 543px, 580px\" \/><\/a><figcaption id=\"caption-attachment-251\" class=\"wp-caption-text\">1.procn\u00e9e et philom\u00e9le, cadre d&rsquo;angle, encre et fil tendu<\/figcaption><\/figure>\n<figure id=\"attachment_255\" aria-describedby=\"caption-attachment-255\" style=\"width: 2776px\" class=\"wp-caption alignleft\"><a href=\"http:\/\/valerievaubourg.com\/?attachment_id=255\" rel=\"attachment wp-att-255\"><img loading=\"lazy\" decoding=\"async\" class=\"size-full wp-image-255\" src=\"http:\/\/valerievaubourg.com\/wp-content\/uploads\/2014\/12\/procn\u00e9e-2.jpg\" alt=\"\" width=\"2776\" height=\"4032\" srcset=\"https:\/\/valerievaubourg.com\/wp-content\/uploads\/2014\/12\/procn\u00e9e-2.jpg 2776w, https:\/\/valerievaubourg.com\/wp-content\/uploads\/2014\/12\/procn\u00e9e-2-207x300.jpg 207w, https:\/\/valerievaubourg.com\/wp-content\/uploads\/2014\/12\/procn\u00e9e-2-705x1024.jpg 705w, https:\/\/valerievaubourg.com\/wp-content\/uploads\/2014\/12\/procn\u00e9e-2-305x443.jpg 305w\" sizes=\"(max-width: 767px) 89vw, (max-width: 1000px) 54vw, (max-width: 1071px) 543px, 580px\" \/><\/a><figcaption id=\"caption-attachment-255\" class=\"wp-caption-text\">4.procn\u00e9e et philom\u00e9le, cadre d&rsquo;angle, encre et fil tendu<\/figcaption><\/figure>\n<figure id=\"attachment_254\" aria-describedby=\"caption-attachment-254\" style=\"width: 4139px\" class=\"wp-caption alignleft\"><a href=\"http:\/\/valerievaubourg.com\/?attachment_id=254\" rel=\"attachment wp-att-254\"><img loading=\"lazy\" decoding=\"async\" class=\"size-full wp-image-254\" src=\"http:\/\/valerievaubourg.com\/wp-content\/uploads\/2014\/12\/PB123502.jpg\" alt=\"\" width=\"4139\" height=\"2758\" srcset=\"https:\/\/valerievaubourg.com\/wp-content\/uploads\/2014\/12\/PB123502.jpg 4139w, https:\/\/valerievaubourg.com\/wp-content\/uploads\/2014\/12\/PB123502-300x200.jpg 300w, https:\/\/valerievaubourg.com\/wp-content\/uploads\/2014\/12\/PB123502-1024x682.jpg 1024w, https:\/\/valerievaubourg.com\/wp-content\/uploads\/2014\/12\/PB123502-305x203.jpg 305w\" sizes=\"(max-width: 767px) 89vw, (max-width: 1000px) 54vw, (max-width: 1071px) 543px, 580px\" \/><\/a><figcaption id=\"caption-attachment-254\" class=\"wp-caption-text\">3.procn\u00e9e et philom\u00e9le, cadre d&rsquo;angle, encre et fil tendu<\/figcaption><\/figure>\n<p><a href=\"http:\/\/valerievaubourg.com\/?attachment_id=253\" rel=\"attachment wp-att-253\"><img loading=\"lazy\" decoding=\"async\" class=\"alignleft size-full wp-image-253\" src=\"http:\/\/valerievaubourg.com\/wp-content\/uploads\/2014\/12\/PB123493.jpg\" alt=\"\" width=\"4032\" height=\"3024\" srcset=\"https:\/\/valerievaubourg.com\/wp-content\/uploads\/2014\/12\/PB123493.jpg 4032w, https:\/\/valerievaubourg.com\/wp-content\/uploads\/2014\/12\/PB123493-300x225.jpg 300w, https:\/\/valerievaubourg.com\/wp-content\/uploads\/2014\/12\/PB123493-1024x768.jpg 1024w, https:\/\/valerievaubourg.com\/wp-content\/uploads\/2014\/12\/PB123493-305x229.jpg 305w\" sizes=\"(max-width: 767px) 89vw, (max-width: 1000px) 54vw, (max-width: 1071px) 543px, 580px\" \/><\/a><\/p>\n<figure id=\"attachment_774\" aria-describedby=\"caption-attachment-774\" style=\"width: 2822px\" class=\"wp-caption alignleft\"><a href=\"http:\/\/valerievaubourg.com\/?attachment_id=774\" rel=\"attachment wp-att-774\"><img loading=\"lazy\" decoding=\"async\" class=\"size-full wp-image-774\" src=\"http:\/\/valerievaubourg.com\/wp-content\/uploads\/2014\/12\/oiseau-filet.jpg\" alt=\"\" width=\"2822\" height=\"2625\" srcset=\"https:\/\/valerievaubourg.com\/wp-content\/uploads\/2014\/12\/oiseau-filet.jpg 2822w, https:\/\/valerievaubourg.com\/wp-content\/uploads\/2014\/12\/oiseau-filet-300x279.jpg 300w, https:\/\/valerievaubourg.com\/wp-content\/uploads\/2014\/12\/oiseau-filet-768x714.jpg 768w, https:\/\/valerievaubourg.com\/wp-content\/uploads\/2014\/12\/oiseau-filet-1024x953.jpg 1024w\" sizes=\"(max-width: 767px) 89vw, (max-width: 1000px) 54vw, (max-width: 1071px) 543px, 580px\" \/><\/a><figcaption id=\"caption-attachment-774\" class=\"wp-caption-text\">Procn\u00e9e et philom\u00e8le<\/figcaption><\/figure>\n<figure id=\"attachment_778\" aria-describedby=\"caption-attachment-778\" style=\"width: 3549px\" class=\"wp-caption alignleft\"><a href=\"http:\/\/valerievaubourg.com\/?attachment_id=778\" rel=\"attachment wp-att-778\"><img loading=\"lazy\" decoding=\"async\" class=\"size-full wp-image-778\" src=\"http:\/\/valerievaubourg.com\/wp-content\/uploads\/2014\/12\/recherches-oiseaux1.jpg\" alt=\"\" width=\"3549\" height=\"3016\" srcset=\"https:\/\/valerievaubourg.com\/wp-content\/uploads\/2014\/12\/recherches-oiseaux1.jpg 3549w, https:\/\/valerievaubourg.com\/wp-content\/uploads\/2014\/12\/recherches-oiseaux1-300x255.jpg 300w, https:\/\/valerievaubourg.com\/wp-content\/uploads\/2014\/12\/recherches-oiseaux1-768x653.jpg 768w, https:\/\/valerievaubourg.com\/wp-content\/uploads\/2014\/12\/recherches-oiseaux1-1024x870.jpg 1024w\" sizes=\"(max-width: 767px) 89vw, (max-width: 1000px) 54vw, (max-width: 1071px) 543px, 580px\" \/><\/a><figcaption id=\"caption-attachment-778\" class=\"wp-caption-text\">Procn\u00e9e et philom\u00e8le<\/figcaption><\/figure>\n<figure id=\"attachment_777\" aria-describedby=\"caption-attachment-777\" style=\"width: 3008px\" class=\"wp-caption alignleft\"><a href=\"http:\/\/valerievaubourg.com\/?attachment_id=777\" rel=\"attachment wp-att-777\"><img loading=\"lazy\" decoding=\"async\" class=\"size-full wp-image-777\" src=\"http:\/\/valerievaubourg.com\/wp-content\/uploads\/2014\/12\/recherches-filet.jpg\" alt=\"\" width=\"3008\" height=\"2650\" srcset=\"https:\/\/valerievaubourg.com\/wp-content\/uploads\/2014\/12\/recherches-filet.jpg 3008w, https:\/\/valerievaubourg.com\/wp-content\/uploads\/2014\/12\/recherches-filet-300x264.jpg 300w, https:\/\/valerievaubourg.com\/wp-content\/uploads\/2014\/12\/recherches-filet-768x677.jpg 768w, https:\/\/valerievaubourg.com\/wp-content\/uploads\/2014\/12\/recherches-filet-1024x902.jpg 1024w\" sizes=\"(max-width: 767px) 89vw, (max-width: 1000px) 54vw, (max-width: 1071px) 543px, 580px\" \/><\/a><figcaption id=\"caption-attachment-777\" class=\"wp-caption-text\">Procn\u00e9e et philom\u00e8le<\/figcaption><\/figure>\n<figure id=\"attachment_776\" aria-describedby=\"caption-attachment-776\" style=\"width: 3523px\" class=\"wp-caption alignleft\"><a href=\"http:\/\/valerievaubourg.com\/?attachment_id=776\" rel=\"attachment wp-att-776\"><img loading=\"lazy\" decoding=\"async\" class=\"size-full wp-image-776\" src=\"http:\/\/valerievaubourg.com\/wp-content\/uploads\/2014\/12\/P1015315.jpg\" alt=\"\" width=\"3523\" height=\"3024\" srcset=\"https:\/\/valerievaubourg.com\/wp-content\/uploads\/2014\/12\/P1015315.jpg 3523w, https:\/\/valerievaubourg.com\/wp-content\/uploads\/2014\/12\/P1015315-300x258.jpg 300w, https:\/\/valerievaubourg.com\/wp-content\/uploads\/2014\/12\/P1015315-768x659.jpg 768w, https:\/\/valerievaubourg.com\/wp-content\/uploads\/2014\/12\/P1015315-1024x879.jpg 1024w\" sizes=\"(max-width: 767px) 89vw, (max-width: 1000px) 54vw, (max-width: 1071px) 543px, 580px\" \/><\/a><figcaption id=\"caption-attachment-776\" class=\"wp-caption-text\">procr\u00e9e et philom\u00e8le.<\/figcaption><\/figure>\n<p><a href=\"http:\/\/valerievaubourg.com\/?attachment_id=816\" rel=\"attachment wp-att-816\"><img loading=\"lazy\" decoding=\"async\" class=\"alignleft size-full wp-image-816\" src=\"http:\/\/valerievaubourg.com\/wp-content\/uploads\/2018\/02\/procn\u00e9e.jpg\" alt=\"\" width=\"1384\" height=\"1600\" srcset=\"https:\/\/valerievaubourg.com\/wp-content\/uploads\/2018\/02\/procn\u00e9e.jpg 1384w, https:\/\/valerievaubourg.com\/wp-content\/uploads\/2018\/02\/procn\u00e9e-260x300.jpg 260w, https:\/\/valerievaubourg.com\/wp-content\/uploads\/2018\/02\/procn\u00e9e-768x888.jpg 768w, https:\/\/valerievaubourg.com\/wp-content\/uploads\/2018\/02\/procn\u00e9e-886x1024.jpg 886w\" sizes=\"(max-width: 767px) 89vw, (max-width: 1000px) 54vw, (max-width: 1071px) 543px, 580px\" \/><\/a><\/p>\n<figure id=\"attachment_156\" aria-describedby=\"caption-attachment-156\" style=\"width: 2408px\" class=\"wp-caption alignleft\"><a href=\"http:\/\/valerievaubourg.com\/?attachment_id=156\" rel=\"attachment wp-att-156\"><img loading=\"lazy\" decoding=\"async\" class=\"size-full wp-image-156\" src=\"http:\/\/valerievaubourg.com\/wp-content\/uploads\/2014\/12\/oiseaux3-sans-cadre.jpg\" alt=\"\" width=\"2408\" height=\"2348\" srcset=\"https:\/\/valerievaubourg.com\/wp-content\/uploads\/2014\/12\/oiseaux3-sans-cadre.jpg 2408w, https:\/\/valerievaubourg.com\/wp-content\/uploads\/2014\/12\/oiseaux3-sans-cadre-300x293.jpg 300w, https:\/\/valerievaubourg.com\/wp-content\/uploads\/2014\/12\/oiseaux3-sans-cadre-1024x998.jpg 1024w, https:\/\/valerievaubourg.com\/wp-content\/uploads\/2014\/12\/oiseaux3-sans-cadre-305x297.jpg 305w\" sizes=\"(max-width: 767px) 89vw, (max-width: 1000px) 54vw, (max-width: 1071px) 543px, 580px\" \/><\/a><figcaption id=\"caption-attachment-156\" class=\"wp-caption-text\">7.Procn\u00e9e et philom\u00e8le, encre rehauss\u00e9e au fil rouge<\/figcaption><\/figure>\n","protected":false},"excerpt":{"rendered":"","protected":false},"author":1,"featured_media":0,"parent":0,"menu_order":0,"comment_status":"closed","ping_status":"closed","template":"","meta":{"footnotes":""},"_links":{"self":[{"href":"https:\/\/valerievaubourg.com\/index.php?rest_route=\/wp\/v2\/pages\/909"}],"collection":[{"href":"https:\/\/valerievaubourg.com\/index.php?rest_route=\/wp\/v2\/pages"}],"about":[{"href":"https:\/\/valerievaubourg.com\/index.php?rest_route=\/wp\/v2\/types\/page"}],"author":[{"embeddable":true,"href":"https:\/\/valerievaubourg.com\/index.php?rest_route=\/wp\/v2\/users\/1"}],"replies":[{"embeddable":true,"href":"https:\/\/valerievaubourg.com\/index.php?rest_route=%2Fwp%2Fv2%2Fcomments&post=909"}],"version-history":[{"count":3,"href":"https:\/\/valerievaubourg.com\/index.php?rest_route=\/wp\/v2\/pages\/909\/revisions"}],"predecessor-version":[{"id":1657,"href":"https:\/\/valerievaubourg.com\/index.php?rest_route=\/wp\/v2\/pages\/909\/revisions\/1657"}],"wp:attachment":[{"href":"https:\/\/valerievaubourg.com\/index.php?rest_route=%2Fwp%2Fv2%2Fmedia&parent=909"}],"curies":[{"name":"wp","href":"https:\/\/api.w.org\/{rel}","templated":true}]}}