{"id":831,"date":"2018-03-01T14:18:01","date_gmt":"2018-03-01T14:18:01","guid":{"rendered":"http:\/\/valerievaubourg.com\/?page_id=831"},"modified":"2018-11-21T08:18:22","modified_gmt":"2018-11-21T08:18:22","slug":"wall-drawing","status":"publish","type":"page","link":"https:\/\/valerievaubourg.com\/?page_id=831","title":{"rendered":"Wall drawing"},"content":{"rendered":"<figure id=\"attachment_851\" aria-describedby=\"caption-attachment-851\" style=\"width: 3872px\" class=\"wp-caption alignleft\"><a href=\"http:\/\/valerievaubourg.com\/?attachment_id=851\" rel=\"attachment wp-att-851\"><img loading=\"lazy\" decoding=\"async\" class=\"size-full wp-image-851\" src=\"http:\/\/valerievaubourg.com\/wp-content\/uploads\/2018\/03\/IUP_0093-copie.jpg\" alt=\"\" width=\"3872\" height=\"2592\" srcset=\"https:\/\/valerievaubourg.com\/wp-content\/uploads\/2018\/03\/IUP_0093-copie.jpg 3872w, https:\/\/valerievaubourg.com\/wp-content\/uploads\/2018\/03\/IUP_0093-copie-300x201.jpg 300w, https:\/\/valerievaubourg.com\/wp-content\/uploads\/2018\/03\/IUP_0093-copie-768x514.jpg 768w, https:\/\/valerievaubourg.com\/wp-content\/uploads\/2018\/03\/IUP_0093-copie-1024x685.jpg 1024w\" sizes=\"(max-width: 767px) 89vw, (max-width: 1000px) 54vw, (max-width: 1071px) 543px, 580px\" \/><\/a><figcaption id=\"caption-attachment-851\" class=\"wp-caption-text\">Pour vivre heureux, vivons cach\u00e9s, Wall drawing. Ecole d&rsquo;art de calais<\/figcaption><\/figure>\n<p><a href=\"http:\/\/valerievaubourg.com\/?attachment_id=838\" rel=\"attachment wp-att-838\"><img loading=\"lazy\" decoding=\"async\" class=\"alignleft size-full wp-image-838\" src=\"http:\/\/valerievaubourg.com\/wp-content\/uploads\/2018\/03\/IUP_0093.jpg\" alt=\"\" width=\"3872\" height=\"2592\" srcset=\"https:\/\/valerievaubourg.com\/wp-content\/uploads\/2018\/03\/IUP_0093.jpg 3872w, https:\/\/valerievaubourg.com\/wp-content\/uploads\/2018\/03\/IUP_0093-300x201.jpg 300w, https:\/\/valerievaubourg.com\/wp-content\/uploads\/2018\/03\/IUP_0093-768x514.jpg 768w, https:\/\/valerievaubourg.com\/wp-content\/uploads\/2018\/03\/IUP_0093-1024x685.jpg 1024w\" sizes=\"(max-width: 767px) 89vw, (max-width: 1000px) 54vw, (max-width: 1071px) 543px, 580px\" \/><\/a><a href=\"http:\/\/valerievaubourg.com\/?attachment_id=840\" rel=\"attachment wp-att-840\"><img loading=\"lazy\" decoding=\"async\" class=\"alignleft size-full wp-image-840\" src=\"http:\/\/valerievaubourg.com\/wp-content\/uploads\/2018\/03\/6.-Pour-vivre-heureux-1.jpg\" alt=\"\" width=\"3799\" height=\"1618\" srcset=\"https:\/\/valerievaubourg.com\/wp-content\/uploads\/2018\/03\/6.-Pour-vivre-heureux-1.jpg 3799w, https:\/\/valerievaubourg.com\/wp-content\/uploads\/2018\/03\/6.-Pour-vivre-heureux-1-300x128.jpg 300w, https:\/\/valerievaubourg.com\/wp-content\/uploads\/2018\/03\/6.-Pour-vivre-heureux-1-768x327.jpg 768w, https:\/\/valerievaubourg.com\/wp-content\/uploads\/2018\/03\/6.-Pour-vivre-heureux-1-1024x436.jpg 1024w\" sizes=\"(max-width: 767px) 89vw, (max-width: 1000px) 54vw, (max-width: 1071px) 543px, 580px\" \/><\/a><a href=\"http:\/\/valerievaubourg.com\/?attachment_id=841\" rel=\"attachment wp-att-841\"><img loading=\"lazy\" decoding=\"async\" class=\"alignleft size-full wp-image-841\" src=\"http:\/\/valerievaubourg.com\/wp-content\/uploads\/2018\/03\/6.-Pour-vivre-heureux.-Wall-painting.jpg\" alt=\"\" width=\"3872\" height=\"2592\" srcset=\"https:\/\/valerievaubourg.com\/wp-content\/uploads\/2018\/03\/6.-Pour-vivre-heureux.-Wall-painting.jpg 3872w, https:\/\/valerievaubourg.com\/wp-content\/uploads\/2018\/03\/6.-Pour-vivre-heureux.-Wall-painting-300x201.jpg 300w, https:\/\/valerievaubourg.com\/wp-content\/uploads\/2018\/03\/6.-Pour-vivre-heureux.-Wall-painting-768x514.jpg 768w, https:\/\/valerievaubourg.com\/wp-content\/uploads\/2018\/03\/6.-Pour-vivre-heureux.-Wall-painting-1024x685.jpg 1024w\" sizes=\"(max-width: 767px) 89vw, (max-width: 1000px) 54vw, (max-width: 1071px) 543px, 580px\" \/><\/a><a href=\"http:\/\/valerievaubourg.com\/?attachment_id=845\" rel=\"attachment wp-att-845\"><img loading=\"lazy\" decoding=\"async\" class=\"alignleft size-full wp-image-845\" src=\"http:\/\/valerievaubourg.com\/wp-content\/uploads\/2018\/03\/IUP_0049.jpg\" alt=\"\" width=\"3872\" height=\"2592\" srcset=\"https:\/\/valerievaubourg.com\/wp-content\/uploads\/2018\/03\/IUP_0049.jpg 3872w, https:\/\/valerievaubourg.com\/wp-content\/uploads\/2018\/03\/IUP_0049-300x201.jpg 300w, https:\/\/valerievaubourg.com\/wp-content\/uploads\/2018\/03\/IUP_0049-768x514.jpg 768w, https:\/\/valerievaubourg.com\/wp-content\/uploads\/2018\/03\/IUP_0049-1024x685.jpg 1024w\" sizes=\"(max-width: 767px) 89vw, (max-width: 1000px) 54vw, (max-width: 1071px) 543px, 580px\" \/><\/a><a href=\"http:\/\/valerievaubourg.com\/?attachment_id=815\" rel=\"attachment wp-att-815\">Wall drawing, Ecole d&rsquo;art de Calais\u00a0<\/a><br \/>\n<a href=\"http:\/\/valerievaubourg.com\/?attachment_id=815\" rel=\"attachment wp-att-815\">. Workshop avec les \u00e9l\u00e8ves de l&rsquo;\u00e9cole.<br \/>\n<\/a><\/p>\n","protected":false},"excerpt":{"rendered":"<p>Wall drawing, Ecole d&rsquo;art de Calais\u00a0 . Workshop avec les \u00e9l\u00e8ves de l&rsquo;\u00e9cole.<\/p>\n","protected":false},"author":1,"featured_media":0,"parent":0,"menu_order":0,"comment_status":"closed","ping_status":"closed","template":"","meta":{"footnotes":""},"_links":{"self":[{"href":"https:\/\/valerievaubourg.com\/index.php?rest_route=\/wp\/v2\/pages\/831"}],"collection":[{"href":"https:\/\/valerievaubourg.com\/index.php?rest_route=\/wp\/v2\/pages"}],"about":[{"href":"https:\/\/valerievaubourg.com\/index.php?rest_route=\/wp\/v2\/types\/page"}],"author":[{"embeddable":true,"href":"https:\/\/valerievaubourg.com\/index.php?rest_route=\/wp\/v2\/users\/1"}],"replies":[{"embeddable":true,"href":"https:\/\/valerievaubourg.com\/index.php?rest_route=%2Fwp%2Fv2%2Fcomments&post=831"}],"version-history":[{"count":5,"href":"https:\/\/valerievaubourg.com\/index.php?rest_route=\/wp\/v2\/pages\/831\/revisions"}],"predecessor-version":[{"id":943,"href":"https:\/\/valerievaubourg.com\/index.php?rest_route=\/wp\/v2\/pages\/831\/revisions\/943"}],"wp:attachment":[{"href":"https:\/\/valerievaubourg.com\/index.php?rest_route=%2Fwp%2Fv2%2Fmedia&parent=831"}],"curies":[{"name":"wp","href":"https:\/\/api.w.org\/{rel}","templated":true}]}}