{"id":788,"date":"2018-02-27T17:39:02","date_gmt":"2018-02-27T17:39:02","guid":{"rendered":"http:\/\/valerievaubourg.com\/?page_id=788"},"modified":"2024-06-20T14:29:37","modified_gmt":"2024-06-20T14:29:37","slug":"anomalie","status":"publish","type":"page","link":"https:\/\/valerievaubourg.com\/?page_id=788","title":{"rendered":"Anomalie#"},"content":{"rendered":"<div class=\"wp-block-image\">\n<figure class=\"alignleft\"><a href=\"http:\/\/valerievaubourg.com\/?attachment_id=787\" rel=\"attachment wp-att-787\"><img loading=\"lazy\" decoding=\"async\" width=\"5891\" height=\"4533\" src=\"http:\/\/valerievaubourg.com\/wp-content\/uploads\/2018\/02\/anomaliesoudan.jpg\" alt=\"\" class=\"wp-image-787\" srcset=\"https:\/\/valerievaubourg.com\/wp-content\/uploads\/2018\/02\/anomaliesoudan.jpg 5891w, https:\/\/valerievaubourg.com\/wp-content\/uploads\/2018\/02\/anomaliesoudan-300x231.jpg 300w, https:\/\/valerievaubourg.com\/wp-content\/uploads\/2018\/02\/anomaliesoudan-768x591.jpg 768w, https:\/\/valerievaubourg.com\/wp-content\/uploads\/2018\/02\/anomaliesoudan-1024x788.jpg 1024w\" sizes=\"(max-width: 767px) 89vw, (max-width: 1000px) 54vw, (max-width: 1071px) 543px, 580px\" \/><\/a><figcaption class=\"wp-element-caption\">Anomalie#soudan . 2018. S\u00e9rie Anomalie#<br>Mine graphite et crayon de couleur.Cr\u00e9dit photographique Vincent Britschgy<\/figcaption><\/figure><\/div>\n\n\n<figure class=\"wp-block-image size-large\"><a href=\"http:\/\/valerievaubourg.com\/wp-content\/uploads\/2018\/03\/anomaliesyrie1.jpg\"><img loading=\"lazy\" decoding=\"async\" width=\"1024\" height=\"768\" src=\"http:\/\/valerievaubourg.com\/wp-content\/uploads\/2018\/03\/anomaliesyrie1-1024x768.jpg\" alt=\"\" class=\"wp-image-858\" srcset=\"https:\/\/valerievaubourg.com\/wp-content\/uploads\/2018\/03\/anomaliesyrie1-1024x768.jpg 1024w, https:\/\/valerievaubourg.com\/wp-content\/uploads\/2018\/03\/anomaliesyrie1-300x225.jpg 300w, https:\/\/valerievaubourg.com\/wp-content\/uploads\/2018\/03\/anomaliesyrie1-768x576.jpg 768w\" sizes=\"(max-width: 767px) 89vw, (max-width: 1000px) 54vw, (max-width: 1071px) 543px, 580px\" \/><\/a><figcaption class=\"wp-element-caption\">Anomalie#syrie. Mine graphite, collage. 2018<\/figcaption><\/figure>\n\n\n\n<figure class=\"wp-block-image\"><a href=\"http:\/\/valerievaubourg.com\/?attachment_id=855\" rel=\"attachment wp-att-855\"><img loading=\"lazy\" decoding=\"async\" width=\"4032\" height=\"3024\" src=\"http:\/\/valerievaubourg.com\/wp-content\/uploads\/2018\/03\/Anomaliesyrie.jpg\" alt=\"\" class=\"wp-image-855\" srcset=\"https:\/\/valerievaubourg.com\/wp-content\/uploads\/2018\/03\/Anomaliesyrie.jpg 4032w, https:\/\/valerievaubourg.com\/wp-content\/uploads\/2018\/03\/Anomaliesyrie-300x225.jpg 300w, https:\/\/valerievaubourg.com\/wp-content\/uploads\/2018\/03\/Anomaliesyrie-768x576.jpg 768w, https:\/\/valerievaubourg.com\/wp-content\/uploads\/2018\/03\/Anomaliesyrie-1024x768.jpg 1024w\" sizes=\"(max-width: 767px) 89vw, (max-width: 1000px) 54vw, (max-width: 1071px) 543px, 580px\" \/><\/a><\/figure>\n\n\n<div class=\"wp-block-image\">\n<figure class=\"alignleft\"><a href=\"http:\/\/valerievaubourg.com\/?attachment_id=786\" rel=\"attachment wp-att-786\"><img decoding=\"async\" src=\"http:\/\/valerievaubourg.com\/wp-content\/uploads\/2018\/02\/Anomaliecamp-de-migrant.jpg\" alt=\"\" class=\"wp-image-786\"\/><\/a><figcaption class=\"wp-element-caption\">Anomalie#Syrian. Dessin \u00e0 la mine graphite rehauss\u00e9 au crayon de couleur.&nbsp;Cr\u00e9dit photographique Vincent Britschgy<\/figcaption><\/figure><\/div>\n\n<div class=\"wp-block-image\">\n<figure class=\"alignleft\"><a href=\"http:\/\/valerievaubourg.com\/?attachment_id=784\" rel=\"attachment wp-att-784\"><img loading=\"lazy\" decoding=\"async\" width=\"4023\" height=\"2937\" src=\"http:\/\/valerievaubourg.com\/wp-content\/uploads\/2018\/02\/sous-les-bombes.jpg\" alt=\"\" class=\"wp-image-784\" srcset=\"https:\/\/valerievaubourg.com\/wp-content\/uploads\/2018\/02\/sous-les-bombes.jpg 4023w, https:\/\/valerievaubourg.com\/wp-content\/uploads\/2018\/02\/sous-les-bombes-300x219.jpg 300w, https:\/\/valerievaubourg.com\/wp-content\/uploads\/2018\/02\/sous-les-bombes-768x561.jpg 768w, https:\/\/valerievaubourg.com\/wp-content\/uploads\/2018\/02\/sous-les-bombes-1024x748.jpg 1024w\" sizes=\"(max-width: 767px) 89vw, (max-width: 1000px) 54vw, (max-width: 1071px) 543px, 580px\" \/><\/a><figcaption class=\"wp-element-caption\">Anomalie#floril\u00e8ge &nbsp;Moyen-Orient.&nbsp;<br>Mine graphite et Plexiglas. Cr\u00e9dit photographique Vincent Britschgy<\/figcaption><\/figure><\/div>\n\n<div class=\"wp-block-image\">\n<figure class=\"alignleft is-resized\"><a href=\"http:\/\/valerievaubourg.com\/?attachment_id=790\" rel=\"attachment wp-att-790\"><img loading=\"lazy\" decoding=\"async\" width=\"4032\" height=\"3024\" src=\"http:\/\/valerievaubourg.com\/wp-content\/uploads\/2018\/02\/anomalie1.jpg\" alt=\"\" class=\"wp-image-790\" style=\"width:289px;height:auto\" srcset=\"https:\/\/valerievaubourg.com\/wp-content\/uploads\/2018\/02\/anomalie1.jpg 4032w, https:\/\/valerievaubourg.com\/wp-content\/uploads\/2018\/02\/anomalie1-300x225.jpg 300w, https:\/\/valerievaubourg.com\/wp-content\/uploads\/2018\/02\/anomalie1-768x576.jpg 768w, https:\/\/valerievaubourg.com\/wp-content\/uploads\/2018\/02\/anomalie1-1024x768.jpg 1024w\" sizes=\"(max-width: 767px) 89vw, (max-width: 1000px) 54vw, (max-width: 1071px) 543px, 580px\" \/><\/a><figcaption class=\"wp-element-caption\">Anomalie#Syrian refugee, 2017-18.&nbsp;S\u00e9rie Anomalie#<br>Mine graphite et crayon de couleur.Cr\u00e9dit photographique Vincent Britschgy<\/figcaption><\/figure><\/div>\n\n\n<figure class=\"wp-block-image size-large is-resized\"><a href=\"http:\/\/valerievaubourg.com\/wp-content\/uploads\/2018\/02\/anomalie-ukraine.jpg\"><img decoding=\"async\" src=\"http:\/\/valerievaubourg.com\/wp-content\/uploads\/2018\/02\/anomalie-ukraine-1024x729.jpg\" alt=\"\" class=\"wp-image-785\" style=\"width:1450px;height:auto\"\/><\/a><figcaption class=\"wp-element-caption\">Dessin \u00e0 la mine graphite rehauss\u00e9 au crayon de couleur.<\/figcaption><\/figure>\n","protected":false},"excerpt":{"rendered":"","protected":false},"author":1,"featured_media":0,"parent":0,"menu_order":0,"comment_status":"closed","ping_status":"closed","template":"","meta":{"footnotes":""},"_links":{"self":[{"href":"https:\/\/valerievaubourg.com\/index.php?rest_route=\/wp\/v2\/pages\/788"}],"collection":[{"href":"https:\/\/valerievaubourg.com\/index.php?rest_route=\/wp\/v2\/pages"}],"about":[{"href":"https:\/\/valerievaubourg.com\/index.php?rest_route=\/wp\/v2\/types\/page"}],"author":[{"embeddable":true,"href":"https:\/\/valerievaubourg.com\/index.php?rest_route=\/wp\/v2\/users\/1"}],"replies":[{"embeddable":true,"href":"https:\/\/valerievaubourg.com\/index.php?rest_route=%2Fwp%2Fv2%2Fcomments&post=788"}],"version-history":[{"count":9,"href":"https:\/\/valerievaubourg.com\/index.php?rest_route=\/wp\/v2\/pages\/788\/revisions"}],"predecessor-version":[{"id":1769,"href":"https:\/\/valerievaubourg.com\/index.php?rest_route=\/wp\/v2\/pages\/788\/revisions\/1769"}],"wp:attachment":[{"href":"https:\/\/valerievaubourg.com\/index.php?rest_route=%2Fwp%2Fv2%2Fmedia&parent=788"}],"curies":[{"name":"wp","href":"https:\/\/api.w.org\/{rel}","templated":true}]}}