{"id":623,"date":"2016-10-29T09:01:07","date_gmt":"2016-10-29T09:01:07","guid":{"rendered":"http:\/\/valerievaubourg.com\/?page_id=623"},"modified":"2019-09-08T10:14:25","modified_gmt":"2019-09-08T10:14:25","slug":"les-proverbes","status":"publish","type":"page","link":"https:\/\/valerievaubourg.com\/?page_id=623","title":{"rendered":"les petits ouvrages (proverbes fran\u00e7ais)"},"content":{"rendered":"<p><strong>S\u00e9rie \u00ab\u00a0Les petits ouvrages ( proverbes Fran\u00e7ais)\u00a0\u00bb, 2015-16. 30&#215;30 cm. Broderie M\u00e9canique<\/strong><\/p>\n<p>Les petits ouvrages se pr\u00e9sentent sous la forme de broderies mont\u00e9es sur tambour repr\u00e9sentant un proverbe exclusivement fran\u00e7ais brod\u00e9 en cercle autour d\u2019une \u00ab\u00a0image\u00a0\u00bb redessin\u00e9e. Image puis\u00e9e dans l\u2019imaginaire collectif pour trouver des silhouettes de femmes \u00e0 d\u2019abord d\u2019innocentes h\u00e9ro\u00efnes,Blanche Neige ou la Sainte Vierge.,\u00a0\u00ab\u00a0Les petits ouvrages ou proverbes fran\u00e7ais\u00a0\u00bbutilisent des clich\u00e9s, jouent avec certaines v\u00e9rit\u00e9s, en transforment d\u2019autres\u2026, et \u00a0peuvent renvoyer \u00e0 une actualit\u00e9<a href=\"http:\/\/valerievaubourg.com\/?attachment_id=974\" rel=\"attachment wp-att-974\"><img loading=\"lazy\" decoding=\"async\" class=\"alignleft size-full wp-image-974\" src=\"http:\/\/valerievaubourg.com\/wp-content\/uploads\/2019\/09\/fullsizeoutput_245.jpeg\" alt=\"\" width=\"533\" height=\"960\" srcset=\"https:\/\/valerievaubourg.com\/wp-content\/uploads\/2019\/09\/fullsizeoutput_245.jpeg 533w, https:\/\/valerievaubourg.com\/wp-content\/uploads\/2019\/09\/fullsizeoutput_245-167x300.jpeg 167w\" sizes=\"(max-width: 533px) 100vw, 533px\" \/><\/a> autour de l\u2019identit\u00e9 de la femme, mais au-del\u00e0 de la r\u00e9sonance s\u00e9mantique de l\u2019image produite, les petits ouvrages renvoie \u00e0 l\u2019histoire de l\u2019usage domestique de la couture (voir comment les f\u00e9ministes ont reni\u00e9 et rejet\u00e9 certains arts textiles jug\u00e9s par trop symboliques de l\u2019ali\u00e9nation de la femme \u00e0 son foyer, rejet dont la discipline porte encore trace.)<\/p>\n<p>&nbsp;<\/p>\n<p>&nbsp;<\/p>\n<p>&nbsp;<\/p>\n<div id='gallery-1' class='gallery galleryid-623 gallery-columns-3 gallery-size-thumbnail'><figure class='gallery-item'>\n\t\t\t<div class='gallery-icon landscape'>\n\t\t\t\t<a href='https:\/\/valerievaubourg.com\/?attachment_id=630'><img loading=\"lazy\" decoding=\"async\" width=\"150\" height=\"150\" src=\"https:\/\/valerievaubourg.com\/wp-content\/uploads\/2016\/10\/wonder-woman-150x150.jpg\" class=\"attachment-thumbnail size-thumbnail\" alt=\"\" aria-describedby=\"gallery-1-630\" sizes=\"100vw\" \/><\/a>\n\t\t\t<\/div>\n\t\t\t\t<figcaption class='wp-caption-text gallery-caption' id='gallery-1-630'>\n\t\t\t\tLes petits ouvrages (Les proverbes fran\u00e7ais) , 2016. Broderie m\u00e9canique sur voile de coton. 30&#215;30 cm\n\t\t\t\t<\/figcaption><\/figure><figure class='gallery-item'>\n\t\t\t<div class='gallery-icon landscape'>\n\t\t\t\t<a href='https:\/\/valerievaubourg.com\/?attachment_id=629'><img loading=\"lazy\" decoding=\"async\" width=\"150\" height=\"150\" src=\"https:\/\/valerievaubourg.com\/wp-content\/uploads\/2016\/10\/fille-et-mouton-150x150.jpg\" class=\"attachment-thumbnail size-thumbnail\" alt=\"\" aria-describedby=\"gallery-1-629\" sizes=\"100vw\" \/><\/a>\n\t\t\t<\/div>\n\t\t\t\t<figcaption class='wp-caption-text gallery-caption' id='gallery-1-629'>\n\t\t\t\tLes petits ouvrages (Les proverbes fran\u00e7ais) , 2016. Broderie m\u00e9canique sur voile de coton. 30&#215;30 cm\n\t\t\t\t<\/figcaption><\/figure><figure class='gallery-item'>\n\t\t\t<div class='gallery-icon landscape'>\n\t\t\t\t<a href='https:\/\/valerievaubourg.com\/?attachment_id=628'><img loading=\"lazy\" decoding=\"async\" width=\"150\" height=\"150\" src=\"https:\/\/valerievaubourg.com\/wp-content\/uploads\/2016\/10\/femme-comme-chevaux-150x150.jpg\" class=\"attachment-thumbnail size-thumbnail\" alt=\"\" aria-describedby=\"gallery-1-628\" sizes=\"100vw\" \/><\/a>\n\t\t\t<\/div>\n\t\t\t\t<figcaption class='wp-caption-text gallery-caption' id='gallery-1-628'>\n\t\t\t\tLes petits ouvrages (Les proverbes fran\u00e7ais) , 2016. Broderie m\u00e9canique sur voile de coton. 30&#215;30 cm\n\t\t\t\t<\/figcaption><\/figure><figure class='gallery-item'>\n\t\t\t<div class='gallery-icon landscape'>\n\t\t\t\t<a href='https:\/\/valerievaubourg.com\/?attachment_id=627'><img loading=\"lazy\" decoding=\"async\" width=\"150\" height=\"150\" src=\"https:\/\/valerievaubourg.com\/wp-content\/uploads\/2016\/10\/femme-bien-\u00e9lev\u00e9e-150x150.jpg\" class=\"attachment-thumbnail size-thumbnail\" alt=\"\" aria-describedby=\"gallery-1-627\" sizes=\"100vw\" \/><\/a>\n\t\t\t<\/div>\n\t\t\t\t<figcaption class='wp-caption-text gallery-caption' id='gallery-1-627'>\n\t\t\t\tLes petits ouvrages (Les proverbes fran\u00e7ais) , 2016. Broderie m\u00e9canique sur voile de coton. 30&#215;30 cm\n\t\t\t\t<\/figcaption><\/figure><figure class='gallery-item'>\n\t\t\t<div class='gallery-icon landscape'>\n\t\t\t\t<a href='https:\/\/valerievaubourg.com\/?attachment_id=626'><img loading=\"lazy\" decoding=\"async\" width=\"150\" height=\"150\" src=\"https:\/\/valerievaubourg.com\/wp-content\/uploads\/2016\/10\/la-femme-fait-oublier...-150x150.jpg\" class=\"attachment-thumbnail size-thumbnail\" alt=\"\" aria-describedby=\"gallery-1-626\" sizes=\"100vw\" \/><\/a>\n\t\t\t<\/div>\n\t\t\t\t<figcaption class='wp-caption-text gallery-caption' id='gallery-1-626'>\n\t\t\t\tLes petits ouvrages (Les proverbes fran\u00e7ais) , 2016. Broderie m\u00e9canique sur voile de coton. 30&#215;30 cm\n\t\t\t\t<\/figcaption><\/figure><figure class='gallery-item'>\n\t\t\t<div class='gallery-icon landscape'>\n\t\t\t\t<a href='https:\/\/valerievaubourg.com\/?attachment_id=698'><img loading=\"lazy\" decoding=\"async\" width=\"150\" height=\"150\" src=\"https:\/\/valerievaubourg.com\/wp-content\/uploads\/2016\/10\/la-femme-comme-la-chevre...-150x150.jpg\" class=\"attachment-thumbnail size-thumbnail\" alt=\"\" aria-describedby=\"gallery-1-698\" sizes=\"100vw\" \/><\/a>\n\t\t\t<\/div>\n\t\t\t\t<figcaption class='wp-caption-text gallery-caption' id='gallery-1-698'>\n\t\t\t\tLes petits ouvrages (Les proverbes fran\u00e7ais) , 2016. Broderie m\u00e9canique sur voile de coton. 30&#215;30 cm\n\t\t\t\t<\/figcaption><\/figure><figure class='gallery-item'>\n\t\t\t<div class='gallery-icon landscape'>\n\t\t\t\t<a href='https:\/\/valerievaubourg.com\/?attachment_id=699'><img loading=\"lazy\" decoding=\"async\" width=\"150\" height=\"150\" src=\"https:\/\/valerievaubourg.com\/wp-content\/uploads\/2016\/10\/femme-ou-nonne-150x150.jpg\" class=\"attachment-thumbnail size-thumbnail\" alt=\"\" aria-describedby=\"gallery-1-699\" sizes=\"100vw\" \/><\/a>\n\t\t\t<\/div>\n\t\t\t\t<figcaption class='wp-caption-text gallery-caption' id='gallery-1-699'>\n\t\t\t\tLes petits ouvrages (Les proverbes fran\u00e7ais) , 2016. Broderie m\u00e9canique sur voile de coton. 30&#215;30 cm\n\t\t\t\t<\/figcaption><\/figure><figure class='gallery-item'>\n\t\t\t<div class='gallery-icon landscape'>\n\t\t\t\t<a href='https:\/\/valerievaubourg.com\/?attachment_id=700'><img loading=\"lazy\" decoding=\"async\" width=\"150\" height=\"150\" src=\"https:\/\/valerievaubourg.com\/wp-content\/uploads\/2016\/10\/en-toute-saison-150x150.jpg\" class=\"attachment-thumbnail size-thumbnail\" alt=\"\" aria-describedby=\"gallery-1-700\" sizes=\"100vw\" \/><\/a>\n\t\t\t<\/div>\n\t\t\t\t<figcaption class='wp-caption-text gallery-caption' id='gallery-1-700'>\n\t\t\t\tLes petits ouvrages (Les proverbes fran\u00e7ais) , 2016. Broderie m\u00e9canique sur voile de coton. 30&#215;30 cm\n\t\t\t\t<\/figcaption><\/figure><figure class='gallery-item'>\n\t\t\t<div class='gallery-icon landscape'>\n\t\t\t\t<a href='https:\/\/valerievaubourg.com\/?attachment_id=701'><img loading=\"lazy\" decoding=\"async\" width=\"150\" height=\"150\" src=\"https:\/\/valerievaubourg.com\/wp-content\/uploads\/2016\/10\/comme-les-cotelettes...-150x150.jpg\" class=\"attachment-thumbnail size-thumbnail\" alt=\"\" aria-describedby=\"gallery-1-701\" sizes=\"100vw\" \/><\/a>\n\t\t\t<\/div>\n\t\t\t\t<figcaption class='wp-caption-text gallery-caption' id='gallery-1-701'>\n\t\t\t\tLes petits ouvrages (Les proverbes fran\u00e7ais) , 2016. Broderie m\u00e9canique sur voile de coton. 30&#215;30 cm\n\t\t\t\t<\/figcaption><\/figure><figure class='gallery-item'>\n\t\t\t<div class='gallery-icon landscape'>\n\t\t\t\t<a href='https:\/\/valerievaubourg.com\/?attachment_id=702'><img loading=\"lazy\" decoding=\"async\" width=\"150\" height=\"150\" src=\"https:\/\/valerievaubourg.com\/wp-content\/uploads\/2016\/10\/femme-avis\u00e9e..-150x150.jpg\" class=\"attachment-thumbnail size-thumbnail\" alt=\"\" aria-describedby=\"gallery-1-702\" sizes=\"100vw\" \/><\/a>\n\t\t\t<\/div>\n\t\t\t\t<figcaption class='wp-caption-text gallery-caption' id='gallery-1-702'>\n\t\t\t\tLes petits ouvrages (Les proverbes fran\u00e7ais) , 2016. Broderie m\u00e9canique sur voile de coton. 30&#215;30 cm\n\t\t\t\t<\/figcaption><\/figure><figure class='gallery-item'>\n\t\t\t<div class='gallery-icon landscape'>\n\t\t\t\t<a href='https:\/\/valerievaubourg.com\/?attachment_id=703'><img loading=\"lazy\" decoding=\"async\" width=\"150\" height=\"150\" src=\"https:\/\/valerievaubourg.com\/wp-content\/uploads\/2016\/10\/la-femme-est-un-animal..-150x150.jpg\" class=\"attachment-thumbnail size-thumbnail\" alt=\"\" aria-describedby=\"gallery-1-703\" sizes=\"100vw\" \/><\/a>\n\t\t\t<\/div>\n\t\t\t\t<figcaption class='wp-caption-text gallery-caption' id='gallery-1-703'>\n\t\t\t\tLes petits ouvrages (Les proverbes fran\u00e7ais) , 2016. Broderie m\u00e9canique sur voile de coton. 30&#215;30 cm\n\t\t\t\t<\/figcaption><\/figure>\n\t\t<\/div>\n\n<p><a href=\"http:\/\/valerievaubourg.com\/?attachment_id=688\" rel=\"attachment wp-att-688\"><img loading=\"lazy\" decoding=\"async\" class=\"size-full wp-image-688\" src=\"http:\/\/valerievaubourg.com\/wp-content\/uploads\/2016\/10\/femme-a-semence-de-corne-copie.jpg\" alt=\"OLYMPUS DIGITAL CAMERA\" width=\"3383\" height=\"3024\" srcset=\"https:\/\/valerievaubourg.com\/wp-content\/uploads\/2016\/10\/femme-a-semence-de-corne-copie.jpg 3383w, https:\/\/valerievaubourg.com\/wp-content\/uploads\/2016\/10\/femme-a-semence-de-corne-copie-300x268.jpg 300w, https:\/\/valerievaubourg.com\/wp-content\/uploads\/2016\/10\/femme-a-semence-de-corne-copie-768x687.jpg 768w, https:\/\/valerievaubourg.com\/wp-content\/uploads\/2016\/10\/femme-a-semence-de-corne-copie-1024x915.jpg 1024w\" sizes=\"(max-width: 767px) 89vw, (max-width: 1000px) 54vw, (max-width: 1071px) 543px, 580px\" \/><\/a><\/p>\n<p>Les petits ouvrages ( proverbe fran\u00e7ais: Femme a semence de corne) 2016. Broderie m\u00e9canique sur organdi. 30&#215;30 cm<\/p>\n<p><a href=\"http:\/\/valerievaubourg.com\/?attachment_id=689\" rel=\"attachment wp-att-689\"><img loading=\"lazy\" decoding=\"async\" class=\"size-full wp-image-689\" src=\"http:\/\/valerievaubourg.com\/wp-content\/uploads\/2016\/10\/en-toute-saison-cercle-copie.jpg\" alt=\"OLYMPUS DIGITAL CAMERA\" width=\"3606\" height=\"3024\" srcset=\"https:\/\/valerievaubourg.com\/wp-content\/uploads\/2016\/10\/en-toute-saison-cercle-copie.jpg 3606w, https:\/\/valerievaubourg.com\/wp-content\/uploads\/2016\/10\/en-toute-saison-cercle-copie-300x252.jpg 300w, https:\/\/valerievaubourg.com\/wp-content\/uploads\/2016\/10\/en-toute-saison-cercle-copie-768x644.jpg 768w, https:\/\/valerievaubourg.com\/wp-content\/uploads\/2016\/10\/en-toute-saison-cercle-copie-1024x859.jpg 1024w\" sizes=\"(max-width: 767px) 89vw, (max-width: 1000px) 54vw, (max-width: 1071px) 543px, 580px\" \/><\/a><\/p>\n<p>Les petits ouvrages ( proverbe fran\u00e7ais: en toute saison, femme est bien \u00e0 la maison), 2016. Broderie m\u00e9canique sur organdi. 30&#215;30 cm<\/p>\n<figure id=\"attachment_709\" aria-describedby=\"caption-attachment-709\" style=\"width: 3158px\" class=\"wp-caption alignleft\"><a href=\"http:\/\/valerievaubourg.com\/?attachment_id=709\" rel=\"attachment wp-att-709\"><img loading=\"lazy\" decoding=\"async\" class=\"size-full wp-image-709\" src=\"http:\/\/valerievaubourg.com\/wp-content\/uploads\/2016\/10\/les-filles-et-les-moutons.jpg\" alt=\"OLYMPUS DIGITAL CAMERALes proverbes fran\u00e7ais (les filles et les moutons ne doivent pas vieillir), 2016. Broderie m\u00e9canique sur organdi. 50\u00d750 cm\" width=\"3158\" height=\"2952\" srcset=\"https:\/\/valerievaubourg.com\/wp-content\/uploads\/2016\/10\/les-filles-et-les-moutons.jpg 3158w, https:\/\/valerievaubourg.com\/wp-content\/uploads\/2016\/10\/les-filles-et-les-moutons-300x280.jpg 300w, https:\/\/valerievaubourg.com\/wp-content\/uploads\/2016\/10\/les-filles-et-les-moutons-768x718.jpg 768w, https:\/\/valerievaubourg.com\/wp-content\/uploads\/2016\/10\/les-filles-et-les-moutons-1024x957.jpg 1024w\" sizes=\"(max-width: 767px) 89vw, (max-width: 1000px) 54vw, (max-width: 1071px) 543px, 580px\" \/><\/a><figcaption id=\"caption-attachment-709\" class=\"wp-caption-text\">Les petits ouvrages ( proverbe fran\u00e7ais: les filles et les moutons ne doivent pas vieillir), 2016. Broderie m\u00e9canique sur organdi. 30\u00d730 cm<\/figcaption><\/figure>\n<p>&nbsp;<\/p>\n<figure id=\"attachment_692\" aria-describedby=\"caption-attachment-692\" style=\"width: 3127px\" class=\"wp-caption alignnone\"><a href=\"http:\/\/valerievaubourg.com\/?attachment_id=692\" rel=\"attachment wp-att-692\"><img loading=\"lazy\" decoding=\"async\" class=\"size-full wp-image-692\" src=\"http:\/\/valerievaubourg.com\/wp-content\/uploads\/2016\/10\/lhomme-indigne.jpg\" alt=\"Les proverbes fran\u00e7ais, 2016. Broderie m\u00e9canique. 50x50 cm\" width=\"3127\" height=\"3026\" srcset=\"https:\/\/valerievaubourg.com\/wp-content\/uploads\/2016\/10\/lhomme-indigne.jpg 3127w, https:\/\/valerievaubourg.com\/wp-content\/uploads\/2016\/10\/lhomme-indigne-300x290.jpg 300w, https:\/\/valerievaubourg.com\/wp-content\/uploads\/2016\/10\/lhomme-indigne-768x743.jpg 768w, https:\/\/valerievaubourg.com\/wp-content\/uploads\/2016\/10\/lhomme-indigne-1024x991.jpg 1024w\" sizes=\"(max-width: 767px) 89vw, (max-width: 1000px) 54vw, (max-width: 1071px) 543px, 580px\" \/><\/a><figcaption id=\"caption-attachment-692\" class=\"wp-caption-text\">Les petits ouvrages ( proverbe fran\u00e7ais: l&rsquo;homme est indigne de l&rsquo;\u00eatre si de sa femme il n&rsquo;est pas le maitre), 2016. Broderie m\u00e9canique. 30&#215;30 cm<\/figcaption><\/figure>\n<p><a href=\"http:\/\/valerievaubourg.com\/?attachment_id=624\" rel=\"attachment wp-att-624\"><img loading=\"lazy\" decoding=\"async\" class=\"size-full wp-image-624\" src=\"http:\/\/valerievaubourg.com\/wp-content\/uploads\/2016\/10\/femme-bien-\u00e9lev\u00e9e-cercl\u00e9e-2.jpg\" alt=\"OLYMPUS DIGITAL CAMERA\" width=\"3085\" height=\"2893\" srcset=\"https:\/\/valerievaubourg.com\/wp-content\/uploads\/2016\/10\/femme-bien-\u00e9lev\u00e9e-cercl\u00e9e-2.jpg 3085w, https:\/\/valerievaubourg.com\/wp-content\/uploads\/2016\/10\/femme-bien-\u00e9lev\u00e9e-cercl\u00e9e-2-300x281.jpg 300w, https:\/\/valerievaubourg.com\/wp-content\/uploads\/2016\/10\/femme-bien-\u00e9lev\u00e9e-cercl\u00e9e-2-768x720.jpg 768w, https:\/\/valerievaubourg.com\/wp-content\/uploads\/2016\/10\/femme-bien-\u00e9lev\u00e9e-cercl\u00e9e-2-1024x960.jpg 1024w\" sizes=\"(max-width: 767px) 89vw, (max-width: 1000px) 54vw, (max-width: 1071px) 543px, 580px\" \/><\/a><\/p>\n<p>Les petits ouvrages ( proverbe fran\u00e7ais: la femme bien \u00e9lev\u00e9e vit chez elle), 2016. Broderie m\u00e9canique sur organdi. 30&#215;30 cm<\/p>\n<p><a href=\"http:\/\/valerievaubourg.com\/?attachment_id=625\" rel=\"attachment wp-att-625\"><img loading=\"lazy\" decoding=\"async\" class=\"size-full wp-image-625\" src=\"http:\/\/valerievaubourg.com\/wp-content\/uploads\/2016\/10\/femme-sage-cercl\u00e9e-2.jpg\" alt=\"OLYMPUS DIGITAL CAMERA\" width=\"2904\" height=\"2848\" srcset=\"https:\/\/valerievaubourg.com\/wp-content\/uploads\/2016\/10\/femme-sage-cercl\u00e9e-2.jpg 2904w, https:\/\/valerievaubourg.com\/wp-content\/uploads\/2016\/10\/femme-sage-cercl\u00e9e-2-300x294.jpg 300w, https:\/\/valerievaubourg.com\/wp-content\/uploads\/2016\/10\/femme-sage-cercl\u00e9e-2-768x753.jpg 768w, https:\/\/valerievaubourg.com\/wp-content\/uploads\/2016\/10\/femme-sage-cercl\u00e9e-2-1024x1004.jpg 1024w\" sizes=\"(max-width: 767px) 89vw, (max-width: 1000px) 54vw, (max-width: 1071px) 543px, 580px\" \/><\/a><\/p>\n<p>Les petits ouvrages ( proverbe fran\u00e7ais: femme sage reste \u00e0 son m\u00e9nage), 2016. Broderie m\u00e9canique sur organdi. 30&#215;30 cm<\/p>\n<p>&nbsp;<\/p>\n<p>&nbsp;<\/p>\n<p>&nbsp;<\/p>\n<p>&nbsp;<\/p>\n<p>&nbsp;<\/p>\n<p>&nbsp;<\/p>\n<p>&nbsp;<\/p>\n<p>&nbsp;<\/p>\n","protected":false},"excerpt":{"rendered":"<p>S\u00e9rie \u00ab\u00a0Les petits ouvrages ( proverbes Fran\u00e7ais)\u00a0\u00bb, 2015-16. 30&#215;30 cm. Broderie M\u00e9canique Les petits ouvrages se pr\u00e9sentent sous la forme de broderies mont\u00e9es sur tambour repr\u00e9sentant un proverbe exclusivement fran\u00e7ais brod\u00e9 en cercle autour d\u2019une \u00ab\u00a0image\u00a0\u00bb redessin\u00e9e. Image puis\u00e9e dans l\u2019imaginaire collectif pour trouver des silhouettes de femmes \u00e0 d\u2019abord d\u2019innocentes h\u00e9ro\u00efnes,Blanche Neige ou la &hellip; <\/p>\n<p class=\"link-more\"><a href=\"https:\/\/valerievaubourg.com\/?page_id=623\" class=\"more-link\">Continuer la lecture<span class=\"screen-reader-text\"> de &laquo;&nbsp;les petits ouvrages (proverbes fran\u00e7ais)&nbsp;&raquo;<\/span><\/a><\/p>\n","protected":false},"author":1,"featured_media":0,"parent":89,"menu_order":1,"comment_status":"closed","ping_status":"closed","template":"","meta":{"footnotes":""},"_links":{"self":[{"href":"https:\/\/valerievaubourg.com\/index.php?rest_route=\/wp\/v2\/pages\/623"}],"collection":[{"href":"https:\/\/valerievaubourg.com\/index.php?rest_route=\/wp\/v2\/pages"}],"about":[{"href":"https:\/\/valerievaubourg.com\/index.php?rest_route=\/wp\/v2\/types\/page"}],"author":[{"embeddable":true,"href":"https:\/\/valerievaubourg.com\/index.php?rest_route=\/wp\/v2\/users\/1"}],"replies":[{"embeddable":true,"href":"https:\/\/valerievaubourg.com\/index.php?rest_route=%2Fwp%2Fv2%2Fcomments&post=623"}],"version-history":[{"count":14,"href":"https:\/\/valerievaubourg.com\/index.php?rest_route=\/wp\/v2\/pages\/623\/revisions"}],"predecessor-version":[{"id":975,"href":"https:\/\/valerievaubourg.com\/index.php?rest_route=\/wp\/v2\/pages\/623\/revisions\/975"}],"up":[{"embeddable":true,"href":"https:\/\/valerievaubourg.com\/index.php?rest_route=\/wp\/v2\/pages\/89"}],"wp:attachment":[{"href":"https:\/\/valerievaubourg.com\/index.php?rest_route=%2Fwp%2Fv2%2Fmedia&parent=623"}],"curies":[{"name":"wp","href":"https:\/\/api.w.org\/{rel}","templated":true}]}}