{"id":291,"date":"2015-08-17T12:28:47","date_gmt":"2015-08-17T12:28:47","guid":{"rendered":"http:\/\/valerievaubourg.com\/?page_id=291"},"modified":"2021-01-04T09:04:19","modified_gmt":"2021-01-04T09:04:19","slug":"muscamedia","status":"publish","type":"page","link":"https:\/\/valerievaubourg.com\/?page_id=291","title":{"rendered":"Linceul(s)"},"content":{"rendered":"<p><a href=\"http:\/\/valerievaubourg.com\/?attachment_id=915\" rel=\"attachment wp-att-915\"><br \/>\n<\/a><a href=\"http:\/\/valerievaubourg.com\/?attachment_id=948\" rel=\"attachment wp-att-948\"><img loading=\"lazy\" decoding=\"async\" class=\"alignleft size-full wp-image-948\" src=\"http:\/\/valerievaubourg.com\/wp-content\/uploads\/2019\/01\/20180602_174622.jpg\" alt=\"\" width=\"3264\" height=\"1836\" srcset=\"https:\/\/valerievaubourg.com\/wp-content\/uploads\/2019\/01\/20180602_174622.jpg 3264w, https:\/\/valerievaubourg.com\/wp-content\/uploads\/2019\/01\/20180602_174622-300x169.jpg 300w, https:\/\/valerievaubourg.com\/wp-content\/uploads\/2019\/01\/20180602_174622-768x432.jpg 768w, https:\/\/valerievaubourg.com\/wp-content\/uploads\/2019\/01\/20180602_174622-1024x576.jpg 1024w\" sizes=\"(max-width: 767px) 89vw, (max-width: 1000px) 54vw, (max-width: 1071px) 543px, 580px\" \/><\/a><a href=\"http:\/\/valerievaubourg.com\/?attachment_id=946\" rel=\"attachment wp-att-946\"><br \/>\n<\/a><\/p>\n<p><a href=\"http:\/\/valerievaubourg.com\/?attachment_id=944\" rel=\"attachment wp-att-944\"><img loading=\"lazy\" decoding=\"async\" class=\"alignleft size-full wp-image-944\" src=\"http:\/\/valerievaubourg.com\/wp-content\/uploads\/2019\/01\/expo-figures-en-d\u00e9rive.jpg\" alt=\"\" width=\"960\" height=\"720\" srcset=\"https:\/\/valerievaubourg.com\/wp-content\/uploads\/2019\/01\/expo-figures-en-d\u00e9rive.jpg 960w, https:\/\/valerievaubourg.com\/wp-content\/uploads\/2019\/01\/expo-figures-en-d\u00e9rive-300x225.jpg 300w, https:\/\/valerievaubourg.com\/wp-content\/uploads\/2019\/01\/expo-figures-en-d\u00e9rive-768x576.jpg 768w\" sizes=\"(max-width: 767px) 89vw, (max-width: 1000px) 54vw, (max-width: 1071px) 543px, 580px\" \/><\/a><\/p>\n<p><a href=\"http:\/\/valerievaubourg.com\/?attachment_id=872\" rel=\"attachment wp-att-872\">Linceul(s), installation. Galerie Tre A, Mons (Belgique). Exposition personnelle, Figures en d\u00e9rive. 2018<\/a><a href=\"http:\/\/valerievaubourg.com\/?attachment_id=949\" rel=\"attachment wp-att-949\"><img loading=\"lazy\" decoding=\"async\" class=\"alignleft size-full wp-image-949\" src=\"http:\/\/valerievaubourg.com\/wp-content\/uploads\/2019\/01\/20180602_174742.jpg\" alt=\"\" width=\"3264\" height=\"1836\" srcset=\"https:\/\/valerievaubourg.com\/wp-content\/uploads\/2019\/01\/20180602_174742.jpg 3264w, https:\/\/valerievaubourg.com\/wp-content\/uploads\/2019\/01\/20180602_174742-300x169.jpg 300w, https:\/\/valerievaubourg.com\/wp-content\/uploads\/2019\/01\/20180602_174742-768x432.jpg 768w, https:\/\/valerievaubourg.com\/wp-content\/uploads\/2019\/01\/20180602_174742-1024x576.jpg 1024w\" sizes=\"(max-width: 767px) 89vw, (max-width: 1000px) 54vw, (max-width: 1071px) 543px, 580px\" \/><\/a><\/p>\n<p><a href=\"http:\/\/valerievaubourg.com\/?attachment_id=872\" rel=\"attachment wp-att-872\">Linceul(s), installation. Galerie Tre A, Mons (Belgique). Exposition personnelle, Figures en d\u00e9rive. 2018<\/a><\/p>\n<p><a href=\"http:\/\/valerievaubourg.com\/?attachment_id=761\" rel=\"attachment wp-att-761\"><img loading=\"lazy\" decoding=\"async\" class=\"alignleft size-full wp-image-761\" src=\"http:\/\/valerievaubourg.com\/wp-content\/uploads\/2015\/08\/P1090272.jpeg\" alt=\"\" width=\"1024\" height=\"768\" srcset=\"https:\/\/valerievaubourg.com\/wp-content\/uploads\/2015\/08\/P1090272.jpeg 1024w, https:\/\/valerievaubourg.com\/wp-content\/uploads\/2015\/08\/P1090272-300x225.jpeg 300w, https:\/\/valerievaubourg.com\/wp-content\/uploads\/2015\/08\/P1090272-768x576.jpeg 768w\" sizes=\"(max-width: 767px) 89vw, (max-width: 1000px) 54vw, (max-width: 1071px) 543px, 580px\" \/><\/a><\/p>\n<div id='gallery-1' class='gallery galleryid-291 gallery-columns-1 gallery-size-full'><figure class='gallery-item'>\n\t\t\t<div class='gallery-icon portrait'>\n\t\t\t\t<a href='https:\/\/valerievaubourg.com\/?attachment_id=212'><img loading=\"lazy\" decoding=\"async\" width=\"3024\" height=\"4032\" src=\"https:\/\/valerievaubourg.com\/wp-content\/uploads\/2015\/03\/P3054271.jpg\" class=\"attachment-full size-full\" alt=\"\" aria-describedby=\"gallery-1-212\" srcset=\"https:\/\/valerievaubourg.com\/wp-content\/uploads\/2015\/03\/P3054271.jpg 3024w, https:\/\/valerievaubourg.com\/wp-content\/uploads\/2015\/03\/P3054271-225x300.jpg 225w, https:\/\/valerievaubourg.com\/wp-content\/uploads\/2015\/03\/P3054271-768x1024.jpg 768w, https:\/\/valerievaubourg.com\/wp-content\/uploads\/2015\/03\/P3054271-305x407.jpg 305w\" sizes=\"100vw\" \/><\/a>\n\t\t\t<\/div>\n\t\t\t\t<figcaption class='wp-caption-text gallery-caption' id='gallery-1-212'>\n\t\t\t\tLinceul, mouches imprim\u00e9es et brod\u00e9es sur organdi\n\t\t\t\t<\/figcaption><\/figure><figure class='gallery-item'>\n\t\t\t<div class='gallery-icon landscape'>\n\t\t\t\t<a href='https:\/\/valerievaubourg.com\/?attachment_id=210'><img loading=\"lazy\" decoding=\"async\" width=\"4032\" height=\"3024\" src=\"https:\/\/valerievaubourg.com\/wp-content\/uploads\/2015\/03\/P3044220.jpg\" class=\"attachment-full size-full\" alt=\"\" aria-describedby=\"gallery-1-210\" srcset=\"https:\/\/valerievaubourg.com\/wp-content\/uploads\/2015\/03\/P3044220.jpg 4032w, https:\/\/valerievaubourg.com\/wp-content\/uploads\/2015\/03\/P3044220-300x225.jpg 300w, https:\/\/valerievaubourg.com\/wp-content\/uploads\/2015\/03\/P3044220-1024x768.jpg 1024w, https:\/\/valerievaubourg.com\/wp-content\/uploads\/2015\/03\/P3044220-305x229.jpg 305w\" sizes=\"100vw\" \/><\/a>\n\t\t\t<\/div>\n\t\t\t\t<figcaption class='wp-caption-text gallery-caption' id='gallery-1-210'>\n\t\t\t\tLe nouveau projet Linceul consiste en la r\u00e9alisation d\u2019une pi\u00e8ce sous la forme d\u2019un ouvrage pour dames. L\u2019ouvrage de dame est une sorte de Rrose Selavy, un leurre, un pi\u00e8ge.\nLe travail in progress est rendu accessible au public pendant le temps de sa r\u00e9alisation, sous forme d\u2019appel \u00e0 participation. C\u2019est un public volontaire et comp\u00e9tent que j&rsquo;utilise pour broder des mouches comme on brode des fleurs. Les petites mains se mettent \u00e0 coudre\u00a0 du \u00ab\u00a0d\u00e9rangeant\u00a0\u00bb. Alors qu\u2019avant on apprenait \u00e0 d\u00e9corer les foyers, patiemment et souvent par devoir,\u00a0 les brodeuses se rassemblent pour\u00a0 coudre des mouches. Elles\u00a0 travaillent avec de petits jeux d\u2019aiguilles\u00a0\u00e0 la lisi\u00e8re de nos habitudes domestiques et esth\u00e9tiques.\n\n\t\t\t\t<\/figcaption><\/figure><figure class='gallery-item'>\n\t\t\t<div class='gallery-icon portrait'>\n\t\t\t\t<a href='https:\/\/valerievaubourg.com\/?attachment_id=534'><img loading=\"lazy\" decoding=\"async\" width=\"3024\" height=\"4032\" src=\"https:\/\/valerievaubourg.com\/wp-content\/uploads\/2015\/08\/P3044216.jpg\" class=\"attachment-full size-full\" alt=\"\" aria-describedby=\"gallery-1-534\" srcset=\"https:\/\/valerievaubourg.com\/wp-content\/uploads\/2015\/08\/P3044216.jpg 3024w, https:\/\/valerievaubourg.com\/wp-content\/uploads\/2015\/08\/P3044216-225x300.jpg 225w, https:\/\/valerievaubourg.com\/wp-content\/uploads\/2015\/08\/P3044216-768x1024.jpg 768w\" sizes=\"100vw\" \/><\/a>\n\t\t\t<\/div>\n\t\t\t\t<figcaption class='wp-caption-text gallery-caption' id='gallery-1-534'>\n\t\t\t\tWorkshop espace le carr\u00e9\n\t\t\t\t<\/figcaption><\/figure><figure class='gallery-item'>\n\t\t\t<div class='gallery-icon portrait'>\n\t\t\t\t<a href='https:\/\/valerievaubourg.com\/?attachment_id=535'><img loading=\"lazy\" decoding=\"async\" width=\"3024\" height=\"4032\" src=\"https:\/\/valerievaubourg.com\/wp-content\/uploads\/2015\/08\/P3044249.jpg\" class=\"attachment-full size-full\" alt=\"\" aria-describedby=\"gallery-1-535\" srcset=\"https:\/\/valerievaubourg.com\/wp-content\/uploads\/2015\/08\/P3044249.jpg 3024w, https:\/\/valerievaubourg.com\/wp-content\/uploads\/2015\/08\/P3044249-225x300.jpg 225w, https:\/\/valerievaubourg.com\/wp-content\/uploads\/2015\/08\/P3044249-768x1024.jpg 768w\" sizes=\"100vw\" \/><\/a>\n\t\t\t<\/div>\n\t\t\t\t<figcaption class='wp-caption-text gallery-caption' id='gallery-1-535'>\n\t\t\t\tWorkshop espace le carr\u00e9\n\t\t\t\t<\/figcaption><\/figure><figure class='gallery-item'>\n\t\t\t<div class='gallery-icon landscape'>\n\t\t\t\t<a href='https:\/\/valerievaubourg.com\/?attachment_id=537'><img loading=\"lazy\" decoding=\"async\" width=\"4032\" height=\"3024\" src=\"https:\/\/valerievaubourg.com\/wp-content\/uploads\/2015\/08\/P3054272.jpg\" class=\"attachment-full size-full\" alt=\"\" aria-describedby=\"gallery-1-537\" srcset=\"https:\/\/valerievaubourg.com\/wp-content\/uploads\/2015\/08\/P3054272.jpg 4032w, https:\/\/valerievaubourg.com\/wp-content\/uploads\/2015\/08\/P3054272-300x225.jpg 300w, https:\/\/valerievaubourg.com\/wp-content\/uploads\/2015\/08\/P3054272-768x576.jpg 768w, https:\/\/valerievaubourg.com\/wp-content\/uploads\/2015\/08\/P3054272-1024x768.jpg 1024w\" sizes=\"100vw\" \/><\/a>\n\t\t\t<\/div>\n\t\t\t\t<figcaption class='wp-caption-text gallery-caption' id='gallery-1-537'>\n\t\t\t\tWorkshop Espace le carr\u00e9\n\t\t\t\t<\/figcaption><\/figure><figure class='gallery-item'>\n\t\t\t<div class='gallery-icon portrait'>\n\t\t\t\t<a href='https:\/\/valerievaubourg.com\/?attachment_id=536'><img loading=\"lazy\" decoding=\"async\" width=\"3024\" height=\"4032\" src=\"https:\/\/valerievaubourg.com\/wp-content\/uploads\/2015\/08\/P4204364.jpg\" class=\"attachment-full size-full\" alt=\"\" aria-describedby=\"gallery-1-536\" srcset=\"https:\/\/valerievaubourg.com\/wp-content\/uploads\/2015\/08\/P4204364.jpg 3024w, https:\/\/valerievaubourg.com\/wp-content\/uploads\/2015\/08\/P4204364-225x300.jpg 225w, https:\/\/valerievaubourg.com\/wp-content\/uploads\/2015\/08\/P4204364-768x1024.jpg 768w\" sizes=\"100vw\" \/><\/a>\n\t\t\t<\/div>\n\t\t\t\t<figcaption class='wp-caption-text gallery-caption' id='gallery-1-536'>\n\t\t\t\tWorkshop Ecole d&rsquo;art de calais\n\t\t\t\t<\/figcaption><\/figure><figure class='gallery-item'>\n\t\t\t<div class='gallery-icon landscape'>\n\t\t\t\t<a href='https:\/\/valerievaubourg.com\/?attachment_id=538'><img loading=\"lazy\" decoding=\"async\" width=\"4032\" height=\"3024\" src=\"https:\/\/valerievaubourg.com\/wp-content\/uploads\/2015\/08\/P4204365.jpg\" class=\"attachment-full size-full\" alt=\"\" aria-describedby=\"gallery-1-538\" srcset=\"https:\/\/valerievaubourg.com\/wp-content\/uploads\/2015\/08\/P4204365.jpg 4032w, https:\/\/valerievaubourg.com\/wp-content\/uploads\/2015\/08\/P4204365-300x225.jpg 300w, https:\/\/valerievaubourg.com\/wp-content\/uploads\/2015\/08\/P4204365-768x576.jpg 768w, https:\/\/valerievaubourg.com\/wp-content\/uploads\/2015\/08\/P4204365-1024x768.jpg 1024w\" sizes=\"100vw\" \/><\/a>\n\t\t\t<\/div>\n\t\t\t\t<figcaption class='wp-caption-text gallery-caption' id='gallery-1-538'>\n\t\t\t\tWorkshop\n\t\t\t\t<\/figcaption><\/figure><figure class='gallery-item'>\n\t\t\t<div class='gallery-icon landscape'>\n\t\t\t\t<a href='https:\/\/valerievaubourg.com\/?attachment_id=539'><img loading=\"lazy\" decoding=\"async\" width=\"4032\" height=\"3024\" src=\"https:\/\/valerievaubourg.com\/wp-content\/uploads\/2015\/08\/P3044247.jpg\" class=\"attachment-full size-full\" alt=\"\" aria-describedby=\"gallery-1-539\" srcset=\"https:\/\/valerievaubourg.com\/wp-content\/uploads\/2015\/08\/P3044247.jpg 4032w, https:\/\/valerievaubourg.com\/wp-content\/uploads\/2015\/08\/P3044247-300x225.jpg 300w, https:\/\/valerievaubourg.com\/wp-content\/uploads\/2015\/08\/P3044247-768x576.jpg 768w, https:\/\/valerievaubourg.com\/wp-content\/uploads\/2015\/08\/P3044247-1024x768.jpg 1024w\" sizes=\"100vw\" \/><\/a>\n\t\t\t<\/div>\n\t\t\t\t<figcaption class='wp-caption-text gallery-caption' id='gallery-1-539'>\n\t\t\t\tworkshop\n\t\t\t\t<\/figcaption><\/figure><figure class='gallery-item'>\n\t\t\t<div class='gallery-icon portrait'>\n\t\t\t\t<a href='https:\/\/valerievaubourg.com\/?attachment_id=541'><img loading=\"lazy\" decoding=\"async\" width=\"3024\" height=\"4032\" src=\"https:\/\/valerievaubourg.com\/wp-content\/uploads\/2015\/08\/P3044212.jpg\" class=\"attachment-full size-full\" alt=\"\" aria-describedby=\"gallery-1-541\" srcset=\"https:\/\/valerievaubourg.com\/wp-content\/uploads\/2015\/08\/P3044212.jpg 3024w, https:\/\/valerievaubourg.com\/wp-content\/uploads\/2015\/08\/P3044212-225x300.jpg 225w, https:\/\/valerievaubourg.com\/wp-content\/uploads\/2015\/08\/P3044212-768x1024.jpg 768w\" sizes=\"100vw\" \/><\/a>\n\t\t\t<\/div>\n\t\t\t\t<figcaption class='wp-caption-text gallery-caption' id='gallery-1-541'>\n\t\t\t\tworkshop, atelier 2. Villeneuve d&rsquo;ascq\n\t\t\t\t<\/figcaption><\/figure><figure class='gallery-item'>\n\t\t\t<div class='gallery-icon landscape'>\n\t\t\t\t<a href='https:\/\/valerievaubourg.com\/?attachment_id=542'><img loading=\"lazy\" decoding=\"async\" width=\"4032\" height=\"3024\" src=\"https:\/\/valerievaubourg.com\/wp-content\/uploads\/2015\/08\/P3064350.jpg\" class=\"attachment-full size-full\" alt=\"\" aria-describedby=\"gallery-1-542\" srcset=\"https:\/\/valerievaubourg.com\/wp-content\/uploads\/2015\/08\/P3064350.jpg 4032w, https:\/\/valerievaubourg.com\/wp-content\/uploads\/2015\/08\/P3064350-300x225.jpg 300w, https:\/\/valerievaubourg.com\/wp-content\/uploads\/2015\/08\/P3064350-768x576.jpg 768w, https:\/\/valerievaubourg.com\/wp-content\/uploads\/2015\/08\/P3064350-1024x768.jpg 1024w\" sizes=\"100vw\" \/><\/a>\n\t\t\t<\/div>\n\t\t\t\t<figcaption class='wp-caption-text gallery-caption' id='gallery-1-542'>\n\t\t\t\td\u00e9tail\n\t\t\t\t<\/figcaption><\/figure><figure class='gallery-item'>\n\t\t\t<div class='gallery-icon landscape'>\n\t\t\t\t<a href='https:\/\/valerievaubourg.com\/?attachment_id=533'><img loading=\"lazy\" decoding=\"async\" width=\"4032\" height=\"3024\" src=\"https:\/\/valerievaubourg.com\/wp-content\/uploads\/2015\/08\/P5294386.jpg\" class=\"attachment-full size-full\" alt=\"\" aria-describedby=\"gallery-1-533\" srcset=\"https:\/\/valerievaubourg.com\/wp-content\/uploads\/2015\/08\/P5294386.jpg 4032w, https:\/\/valerievaubourg.com\/wp-content\/uploads\/2015\/08\/P5294386-300x225.jpg 300w, https:\/\/valerievaubourg.com\/wp-content\/uploads\/2015\/08\/P5294386-768x576.jpg 768w, https:\/\/valerievaubourg.com\/wp-content\/uploads\/2015\/08\/P5294386-1024x768.jpg 1024w\" sizes=\"100vw\" \/><\/a>\n\t\t\t<\/div>\n\t\t\t\t<figcaption class='wp-caption-text gallery-caption' id='gallery-1-533'>\n\t\t\t\tLa malterie\n\t\t\t\t<\/figcaption><\/figure><figure class='gallery-item'>\n\t\t\t<div class='gallery-icon landscape'>\n\t\t\t\t<a href='https:\/\/valerievaubourg.com\/?attachment_id=220'><img loading=\"lazy\" decoding=\"async\" width=\"4032\" height=\"3024\" src=\"https:\/\/valerievaubourg.com\/wp-content\/uploads\/2014\/12\/P3054294.jpg\" class=\"attachment-full size-full\" alt=\"\" aria-describedby=\"gallery-1-220\" srcset=\"https:\/\/valerievaubourg.com\/wp-content\/uploads\/2014\/12\/P3054294.jpg 4032w, https:\/\/valerievaubourg.com\/wp-content\/uploads\/2014\/12\/P3054294-300x225.jpg 300w, https:\/\/valerievaubourg.com\/wp-content\/uploads\/2014\/12\/P3054294-1024x768.jpg 1024w, https:\/\/valerievaubourg.com\/wp-content\/uploads\/2014\/12\/P3054294-305x229.jpg 305w\" sizes=\"100vw\" \/><\/a>\n\t\t\t<\/div>\n\t\t\t\t<figcaption class='wp-caption-text gallery-caption' id='gallery-1-220'>\n\t\t\t\tWorkshop \u00e0 l&rsquo;espace le carr\u00e9 autour de linceul.\n\t\t\t\t<\/figcaption><\/figure>\n\t\t<\/div>\n\n<p><a href=\"http:\/\/valerievaubourg.com\/?attachment_id=762\" rel=\"attachment wp-att-762\"><img loading=\"lazy\" decoding=\"async\" class=\"alignleft size-full wp-image-762\" src=\"http:\/\/valerievaubourg.com\/wp-content\/uploads\/2015\/08\/P1090273.jpeg\" alt=\"\" width=\"576\" height=\"768\" srcset=\"https:\/\/valerievaubourg.com\/wp-content\/uploads\/2015\/08\/P1090273.jpeg 576w, https:\/\/valerievaubourg.com\/wp-content\/uploads\/2015\/08\/P1090273-225x300.jpeg 225w\" sizes=\"(max-width: 576px) 100vw, 576px\" \/><\/a> <a href=\"http:\/\/valerievaubourg.com\/?attachment_id=763\" rel=\"attachment wp-att-763\"><img loading=\"lazy\" decoding=\"async\" class=\"alignleft size-full wp-image-763\" src=\"http:\/\/valerievaubourg.com\/wp-content\/uploads\/2015\/08\/P1090276.jpeg\" alt=\"\" width=\"1024\" height=\"768\" srcset=\"https:\/\/valerievaubourg.com\/wp-content\/uploads\/2015\/08\/P1090276.jpeg 1024w, https:\/\/valerievaubourg.com\/wp-content\/uploads\/2015\/08\/P1090276-300x225.jpeg 300w, https:\/\/valerievaubourg.com\/wp-content\/uploads\/2015\/08\/P1090276-768x576.jpeg 768w\" sizes=\"(max-width: 767px) 89vw, (max-width: 1000px) 54vw, (max-width: 1071px) 543px, 580px\" \/><\/a> <a href=\"http:\/\/valerievaubourg.com\/?attachment_id=764\" rel=\"attachment wp-att-764\"><img loading=\"lazy\" decoding=\"async\" class=\"alignleft size-full wp-image-764\" src=\"http:\/\/valerievaubourg.com\/wp-content\/uploads\/2015\/08\/P1090277.jpeg\" alt=\"\" width=\"1024\" height=\"768\" srcset=\"https:\/\/valerievaubourg.com\/wp-content\/uploads\/2015\/08\/P1090277.jpeg 1024w, https:\/\/valerievaubourg.com\/wp-content\/uploads\/2015\/08\/P1090277-300x225.jpeg 300w, https:\/\/valerievaubourg.com\/wp-content\/uploads\/2015\/08\/P1090277-768x576.jpeg 768w\" sizes=\"(max-width: 767px) 89vw, (max-width: 1000px) 54vw, (max-width: 1071px) 543px, 580px\" \/><\/a> <a href=\"http:\/\/valerievaubourg.com\/?attachment_id=765\" rel=\"attachment wp-att-765\"><img loading=\"lazy\" decoding=\"async\" class=\"alignleft size-full wp-image-765\" src=\"http:\/\/valerievaubourg.com\/wp-content\/uploads\/2015\/08\/P1090279.jpeg\" alt=\"\" width=\"1024\" height=\"768\" srcset=\"https:\/\/valerievaubourg.com\/wp-content\/uploads\/2015\/08\/P1090279.jpeg 1024w, https:\/\/valerievaubourg.com\/wp-content\/uploads\/2015\/08\/P1090279-300x225.jpeg 300w, https:\/\/valerievaubourg.com\/wp-content\/uploads\/2015\/08\/P1090279-768x576.jpeg 768w\" sizes=\"(max-width: 767px) 89vw, (max-width: 1000px) 54vw, (max-width: 1071px) 543px, 580px\" \/><\/a> <a href=\"http:\/\/valerievaubourg.com\/?attachment_id=766\" rel=\"attachment wp-att-766\"><img loading=\"lazy\" decoding=\"async\" class=\"alignleft size-full wp-image-766\" src=\"http:\/\/valerievaubourg.com\/wp-content\/uploads\/2015\/08\/P1090280.jpeg\" alt=\"\" width=\"1024\" height=\"768\" srcset=\"https:\/\/valerievaubourg.com\/wp-content\/uploads\/2015\/08\/P1090280.jpeg 1024w, https:\/\/valerievaubourg.com\/wp-content\/uploads\/2015\/08\/P1090280-300x225.jpeg 300w, https:\/\/valerievaubourg.com\/wp-content\/uploads\/2015\/08\/P1090280-768x576.jpeg 768w\" sizes=\"(max-width: 767px) 89vw, (max-width: 1000px) 54vw, (max-width: 1071px) 543px, 580px\" \/><\/a> <a href=\"http:\/\/valerievaubourg.com\/?attachment_id=767\" rel=\"attachment wp-att-767\"><img loading=\"lazy\" decoding=\"async\" class=\"alignleft size-full wp-image-767\" src=\"http:\/\/valerievaubourg.com\/wp-content\/uploads\/2015\/08\/P1090283.jpeg\" alt=\"\" width=\"1024\" height=\"768\" srcset=\"https:\/\/valerievaubourg.com\/wp-content\/uploads\/2015\/08\/P1090283.jpeg 1024w, https:\/\/valerievaubourg.com\/wp-content\/uploads\/2015\/08\/P1090283-300x225.jpeg 300w, https:\/\/valerievaubourg.com\/wp-content\/uploads\/2015\/08\/P1090283-768x576.jpeg 768w\" sizes=\"(max-width: 767px) 89vw, (max-width: 1000px) 54vw, (max-width: 1071px) 543px, 580px\" \/><\/a> <a href=\"http:\/\/valerievaubourg.com\/?attachment_id=768\" rel=\"attachment wp-att-768\"><img loading=\"lazy\" decoding=\"async\" class=\"alignleft size-full wp-image-768\" src=\"http:\/\/valerievaubourg.com\/wp-content\/uploads\/2015\/08\/P1090284.jpeg\" alt=\"\" width=\"1024\" height=\"768\" srcset=\"https:\/\/valerievaubourg.com\/wp-content\/uploads\/2015\/08\/P1090284.jpeg 1024w, https:\/\/valerievaubourg.com\/wp-content\/uploads\/2015\/08\/P1090284-300x225.jpeg 300w, https:\/\/valerievaubourg.com\/wp-content\/uploads\/2015\/08\/P1090284-768x576.jpeg 768w\" sizes=\"(max-width: 767px) 89vw, (max-width: 1000px) 54vw, (max-width: 1071px) 543px, 580px\" \/><\/a> <a href=\"http:\/\/valerievaubourg.com\/?attachment_id=769\" rel=\"attachment wp-att-769\"><img loading=\"lazy\" decoding=\"async\" class=\"alignleft size-full wp-image-769\" src=\"http:\/\/valerievaubourg.com\/wp-content\/uploads\/2015\/08\/P1090286.jpeg\" alt=\"\" width=\"1024\" height=\"768\" srcset=\"https:\/\/valerievaubourg.com\/wp-content\/uploads\/2015\/08\/P1090286.jpeg 1024w, https:\/\/valerievaubourg.com\/wp-content\/uploads\/2015\/08\/P1090286-300x225.jpeg 300w, https:\/\/valerievaubourg.com\/wp-content\/uploads\/2015\/08\/P1090286-768x576.jpeg 768w\" sizes=\"(max-width: 767px) 89vw, (max-width: 1000px) 54vw, (max-width: 1071px) 543px, 580px\" \/><\/a><\/p>\n","protected":false},"excerpt":{"rendered":"<p>Linceul(s), installation. Galerie Tre A, Mons (Belgique). Exposition personnelle, Figures en d\u00e9rive. 2018 Linceul(s), installation. Galerie Tre A, Mons (Belgique). Exposition personnelle, Figures en d\u00e9rive. 2018<\/p>\n","protected":false},"author":1,"featured_media":0,"parent":89,"menu_order":0,"comment_status":"open","ping_status":"open","template":"","meta":{"footnotes":""},"_links":{"self":[{"href":"https:\/\/valerievaubourg.com\/index.php?rest_route=\/wp\/v2\/pages\/291"}],"collection":[{"href":"https:\/\/valerievaubourg.com\/index.php?rest_route=\/wp\/v2\/pages"}],"about":[{"href":"https:\/\/valerievaubourg.com\/index.php?rest_route=\/wp\/v2\/types\/page"}],"author":[{"embeddable":true,"href":"https:\/\/valerievaubourg.com\/index.php?rest_route=\/wp\/v2\/users\/1"}],"replies":[{"embeddable":true,"href":"https:\/\/valerievaubourg.com\/index.php?rest_route=%2Fwp%2Fv2%2Fcomments&post=291"}],"version-history":[{"count":20,"href":"https:\/\/valerievaubourg.com\/index.php?rest_route=\/wp\/v2\/pages\/291\/revisions"}],"predecessor-version":[{"id":1116,"href":"https:\/\/valerievaubourg.com\/index.php?rest_route=\/wp\/v2\/pages\/291\/revisions\/1116"}],"up":[{"embeddable":true,"href":"https:\/\/valerievaubourg.com\/index.php?rest_route=\/wp\/v2\/pages\/89"}],"wp:attachment":[{"href":"https:\/\/valerievaubourg.com\/index.php?rest_route=%2Fwp%2Fv2%2Fmedia&parent=291"}],"curies":[{"name":"wp","href":"https:\/\/api.w.org\/{rel}","templated":true}]}}