{"id":192,"date":"2015-01-30T16:41:07","date_gmt":"2015-01-30T16:41:07","guid":{"rendered":"http:\/\/valerievaubourg.com\/?page_id=192"},"modified":"2021-01-11T16:33:11","modified_gmt":"2021-01-11T16:33:11","slug":"papiers-peints","status":"publish","type":"page","link":"https:\/\/valerievaubourg.com\/?page_id=192","title":{"rendered":"Wall paper\/ Pattern"},"content":{"rendered":"\n<p>LA VIE EN ROSE&nbsp;[Papier peint s\u00e9rigraphi\u00e9]<\/p>\n\n\n\n<p>La vie en rose semble reproduire les charmes de la vie champ\u00eatre, il infiltre les int\u00e9rieurs de mani\u00e8re pernicieuse. Si les motifs font \u00e9cho \u00e0 la morale bourgeoise, ils r\u00e9v\u00e8lent \u00e0 qui veut bien les voir les revers d\u2019une soci\u00e9t\u00e9 polic\u00e9e. R\u00e9cup\u00e9rant dans les archives de l\u2019his-&nbsp;toire des sc\u00e8nes de conflits avec les forces de l\u2019ordre &#8211; des arrestations de suffragettes aux&nbsp;grandes gr\u00e8ves ouvri\u00e8res en Angleterre, des altercations muscl\u00e9es pendant les manifes- tations pour l\u2019\u00e9galit\u00e9 des droits aux \u00e9tats -unis aux \u00e9v\u00e8nement de mai 68 &#8211; , le papier peint&nbsp;se fait la toile de fond d\u2019un d\u00e9crochage s\u00e9mantique. Tandis que l\u2019int\u00e9rieur conforte ses habitants dans ses dogmes ou savoirs, qu\u2019il prot\u00e8ge des forces ext\u00e9rieures ou des \u00e9tran- gers, il devient le terrain de sc\u00e8nes violentes men\u00e9es pr\u00e9cis\u00e9ment par ceux-l\u00e0 m\u00eames&nbsp;suppos\u00e9s maintenir l\u2019ordre. Le motif, qui par principe se r\u00e9p\u00e8te \u00e0 l\u2019infini, renvoie \u00e0 une double op\u00e9ration : il se fait ornement de surface et r\u00e9p\u00e9tition d\u2019une m\u00e9canique rythm\u00e9e sur le mod\u00e8le industriel et marchand, traduisant un matraquage fond\u00e9 sur la standardisa- tion et la discipline des corps.<\/p>\n\n\n\n<p>Marion Zilio. Extrait du catalogue Cannibalisme &lt;&gt; animalisme, Paris, 2015.<\/p>\n\n\n\n<ul class=\"wp-block-gallery columns-2 is-cropped wp-block-gallery-1 is-layout-flex wp-block-gallery-is-layout-flex\"><li class=\"blocks-gallery-item\"><figure><img loading=\"lazy\" decoding=\"async\" width=\"741\" height=\"1024\" src=\"http:\/\/valerievaubourg.com\/wp-content\/uploads\/2015\/01\/5.des-alter-est7-741x1024.jpg\" alt=\"\" data-id=\"601\" data-link=\"http:\/\/valerievaubourg.com\/?attachment_id=601\" class=\"wp-image-601\" srcset=\"https:\/\/valerievaubourg.com\/wp-content\/uploads\/2015\/01\/5.des-alter-est7-741x1024.jpg 741w, https:\/\/valerievaubourg.com\/wp-content\/uploads\/2015\/01\/5.des-alter-est7-217x300.jpg 217w, https:\/\/valerievaubourg.com\/wp-content\/uploads\/2015\/01\/5.des-alter-est7-768x1061.jpg 768w\" sizes=\"(max-width: 706px) 89vw, (max-width: 767px) 82vw, 740px\" \/><\/figure><\/li><li class=\"blocks-gallery-item\"><figure><img loading=\"lazy\" decoding=\"async\" width=\"768\" height=\"1024\" src=\"http:\/\/valerievaubourg.com\/wp-content\/uploads\/2021\/01\/web_valerie_vaubourg_galerie_anne_perre-768x1024.jpg\" alt=\"\" data-id=\"1121\" data-link=\"http:\/\/valerievaubourg.com\/?attachment_id=1121\" class=\"wp-image-1121\" srcset=\"https:\/\/valerievaubourg.com\/wp-content\/uploads\/2021\/01\/web_valerie_vaubourg_galerie_anne_perre-768x1024.jpg 768w, https:\/\/valerievaubourg.com\/wp-content\/uploads\/2021\/01\/web_valerie_vaubourg_galerie_anne_perre-225x300.jpg 225w, https:\/\/valerievaubourg.com\/wp-content\/uploads\/2021\/01\/web_valerie_vaubourg_galerie_anne_perre.jpg 1536w\" sizes=\"(max-width: 767px) 89vw, (max-width: 1000px) 54vw, (max-width: 1071px) 543px, 580px\" \/><\/figure><\/li><\/ul>\n\n\n\n<p>Motifs aux grenades<\/p>\n\n\n\n<p>Au premier abord il semble qu\u2019il n\u2019y ait rien \u00e0 voir. Rien, sinon le blanc qui, tr\u00e8s vite, se diffracte en deux parties, l\u2019une plus mate que l\u2019autre. D\u2019un l\u00e9ger mouvement, d\u2019un l\u00e9ger changement de point de vue, des formes surgissent, \u00e9l\u00e9gantes. C\u2019est une apparition fluide qui \u00e9merge de la profondeur laiteuse du blanc comme une image lazar\u00e9enne dans le bac du r\u00e9v\u00e9lateur. L\u2019image \u00ab&nbsp;prend&nbsp;\u00bb. \u00c0 moins que nous ne soyons pris par elle\u2026<\/p>\n\n\n\n<p>Pour saisir ce qui, insensiblement, circule \u00e0 travers le travail de Val\u00e9rie Vaubourg, il faudrait parler d\u2019une pratique du leurre, entre charme et envo\u00fbtement. Reprenons le papier peint de Val\u00e9rie Vaubourg. Il y a donc cela: un beau motif de feuillages et de fruits. Au vide immacul\u00e9 (virginit\u00e9&nbsp;?) r\u00e9pond le motif prolif\u00e9rant (naissances&nbsp;?), et l\u2019image h\u00e9site entre latence et corpor\u00e9it\u00e9. Mais toute cette rh\u00e9torique du visible est comme port\u00e9e \u00e0 son acm\u00e9 lorsque nous nous apercevons que les \u00ab&nbsp;fruits&nbsp;\u00bb sont\u2026 des grenades offensives. Une arme de guerre, de mort si semblable, en apparence, au fruit de la grenade (granadum, \u00ab&nbsp;fruit \u00e0 grains&nbsp;\u00bb), symbole d\u2019immortalit\u00e9\u2026<\/p>\n\n\n\n<p>Ainsi, une forme fluide, feuillet\u00e9e, merveilleusement s\u00e9ductrice, lib\u00e9rant un sens en attente, comme maintenu volontairement en retrait&nbsp;: telle est, en quelque sorte, la mani\u00e8re de Val\u00e9rie Vaubourg<\/p>\n\n\n\n<p>L\u2019intransigeante pudeur nous ram\u00e8ne au plus pr\u00e8s de nous, pauvres humains, o\u00f9 le drame, incessamment, est absorb\u00e9 par la forme ext\u00e9rieure, et la beaut\u00e9 reconduite \u00e0 sa sublime insignifiance.<\/p>\n\n\n\n<p>Michel Cegarra<\/p>\n\n\n\n<div class=\"wp-block-image\"><figure class=\"alignleft\"><a href=\"http:\/\/valerievaubourg.com\/?attachment_id=603\" rel=\"attachment wp-att-603\"><img loading=\"lazy\" decoding=\"async\" width=\"2480\" height=\"3307\" src=\"http:\/\/valerievaubourg.com\/wp-content\/uploads\/2015\/01\/8.Jeune-cr\u00e9ation.jpg\" alt=\"8.Jeune cr\u00e9ation\" class=\"wp-image-603\" srcset=\"https:\/\/valerievaubourg.com\/wp-content\/uploads\/2015\/01\/8.Jeune-cr\u00e9ation.jpg 2480w, https:\/\/valerievaubourg.com\/wp-content\/uploads\/2015\/01\/8.Jeune-cr\u00e9ation-225x300.jpg 225w, https:\/\/valerievaubourg.com\/wp-content\/uploads\/2015\/01\/8.Jeune-cr\u00e9ation-768x1024.jpg 768w\" sizes=\"(max-width: 767px) 89vw, (max-width: 1000px) 54vw, (max-width: 1071px) 543px, 580px\" \/><\/a><\/figure><\/div>\n\n\n\n<div class=\"wp-block-media-text alignwide is-stacked-on-mobile\"><figure class=\"wp-block-media-text__media\"><img loading=\"lazy\" decoding=\"async\" width=\"2480\" height=\"3425\" src=\"http:\/\/valerievaubourg.com\/wp-content\/uploads\/2015\/01\/11.en-entrant.jpg\" alt=\"11.en entrant\" class=\"wp-image-602\" srcset=\"https:\/\/valerievaubourg.com\/wp-content\/uploads\/2015\/01\/11.en-entrant.jpg 2480w, https:\/\/valerievaubourg.com\/wp-content\/uploads\/2015\/01\/11.en-entrant-217x300.jpg 217w, https:\/\/valerievaubourg.com\/wp-content\/uploads\/2015\/01\/11.en-entrant-768x1061.jpg 768w, https:\/\/valerievaubourg.com\/wp-content\/uploads\/2015\/01\/11.en-entrant-741x1024.jpg 741w\" sizes=\"(max-width: 767px) 89vw, (max-width: 1000px) 54vw, (max-width: 1071px) 543px, 580px\" \/><\/figure><div class=\"wp-block-media-text__content\">\n<p><\/p>\n<\/div><\/div>\n\n\n\n<figure class=\"wp-block-image\"><img loading=\"lazy\" decoding=\"async\" width=\"935\" height=\"1024\" src=\"http:\/\/valerievaubourg.com\/wp-content\/uploads\/2021\/01\/8.motif-aux-grenades-935x1024.jpg\" alt=\"\" class=\"wp-image-1122\" srcset=\"https:\/\/valerievaubourg.com\/wp-content\/uploads\/2021\/01\/8.motif-aux-grenades-935x1024.jpg 935w, https:\/\/valerievaubourg.com\/wp-content\/uploads\/2021\/01\/8.motif-aux-grenades-274x300.jpg 274w, https:\/\/valerievaubourg.com\/wp-content\/uploads\/2021\/01\/8.motif-aux-grenades-768x841.jpg 768w\" sizes=\"(max-width: 767px) 89vw, (max-width: 1000px) 54vw, (max-width: 1071px) 543px, 580px\" \/><\/figure>\n\n\n\n<div class=\"wp-block-image\"><figure class=\"alignleft\"><a href=\"http:\/\/valerievaubourg.com\/wp-content\/uploads\/2015\/01\/5.cet-\u00e9t\u00e9-l\u00e0.jpg\"><img loading=\"lazy\" decoding=\"async\" width=\"2126\" height=\"2126\" src=\"http:\/\/valerievaubourg.com\/wp-content\/uploads\/2015\/01\/5.cet-\u00e9t\u00e9-l\u00e0.jpg\" alt=\"Papier peint , s\u00e9rigraphie.\" class=\"wp-image-315\" srcset=\"https:\/\/valerievaubourg.com\/wp-content\/uploads\/2015\/01\/5.cet-\u00e9t\u00e9-l\u00e0.jpg 2126w, https:\/\/valerievaubourg.com\/wp-content\/uploads\/2015\/01\/5.cet-\u00e9t\u00e9-l\u00e0-150x150.jpg 150w, https:\/\/valerievaubourg.com\/wp-content\/uploads\/2015\/01\/5.cet-\u00e9t\u00e9-l\u00e0-300x300.jpg 300w, https:\/\/valerievaubourg.com\/wp-content\/uploads\/2015\/01\/5.cet-\u00e9t\u00e9-l\u00e0-1024x1024.jpg 1024w, https:\/\/valerievaubourg.com\/wp-content\/uploads\/2015\/01\/5.cet-\u00e9t\u00e9-l\u00e0-305x305.jpg 305w\" sizes=\"(max-width: 767px) 89vw, (max-width: 1000px) 54vw, (max-width: 1071px) 543px, 580px\" \/><\/a><figcaption>Papier peint , s\u00e9rigraphie.<\/figcaption><\/figure><\/div>\n\n\n\n<div class=\"wp-block-image\"><figure class=\"alignleft\"><a href=\"http:\/\/valerievaubourg.com\/wp-content\/uploads\/2015\/01\/catalogue-20137.jpg\"><img loading=\"lazy\" decoding=\"async\" width=\"595\" height=\"842\" src=\"http:\/\/valerievaubourg.com\/wp-content\/uploads\/2015\/01\/catalogue-20137.jpg\" alt=\"Papier peint augment\u00e9, s\u00e9rigraphie sur papier peint.\" class=\"wp-image-317\" srcset=\"https:\/\/valerievaubourg.com\/wp-content\/uploads\/2015\/01\/catalogue-20137.jpg 595w, https:\/\/valerievaubourg.com\/wp-content\/uploads\/2015\/01\/catalogue-20137-212x300.jpg 212w, https:\/\/valerievaubourg.com\/wp-content\/uploads\/2015\/01\/catalogue-20137-305x432.jpg 305w\" sizes=\"(max-width: 595px) 100vw, 595px\" \/><\/a><figcaption>Papier peint augment\u00e9, s\u00e9rigraphie sur papier peint.<\/figcaption><\/figure><\/div>\n","protected":false},"excerpt":{"rendered":"<p>LA VIE EN ROSE&nbsp;[Papier peint s\u00e9rigraphi\u00e9] La vie en rose semble reproduire les charmes de la vie champ\u00eatre, il infiltre les int\u00e9rieurs de mani\u00e8re pernicieuse. Si les motifs font \u00e9cho \u00e0 la morale bourgeoise, ils r\u00e9v\u00e8lent \u00e0 qui veut bien les voir les revers d\u2019une soci\u00e9t\u00e9 polic\u00e9e. R\u00e9cup\u00e9rant dans les archives de l\u2019his-&nbsp;toire des sc\u00e8nes &hellip; <\/p>\n<p class=\"link-more\"><a href=\"https:\/\/valerievaubourg.com\/?page_id=192\" class=\"more-link\">Continuer la lecture<span class=\"screen-reader-text\"> de &laquo;&nbsp;Wall paper\/ Pattern&nbsp;&raquo;<\/span><\/a><\/p>\n","protected":false},"author":1,"featured_media":48,"parent":831,"menu_order":0,"comment_status":"open","ping_status":"open","template":"","meta":{"footnotes":""},"_links":{"self":[{"href":"https:\/\/valerievaubourg.com\/index.php?rest_route=\/wp\/v2\/pages\/192"}],"collection":[{"href":"https:\/\/valerievaubourg.com\/index.php?rest_route=\/wp\/v2\/pages"}],"about":[{"href":"https:\/\/valerievaubourg.com\/index.php?rest_route=\/wp\/v2\/types\/page"}],"author":[{"embeddable":true,"href":"https:\/\/valerievaubourg.com\/index.php?rest_route=\/wp\/v2\/users\/1"}],"replies":[{"embeddable":true,"href":"https:\/\/valerievaubourg.com\/index.php?rest_route=%2Fwp%2Fv2%2Fcomments&post=192"}],"version-history":[{"count":59,"href":"https:\/\/valerievaubourg.com\/index.php?rest_route=\/wp\/v2\/pages\/192\/revisions"}],"predecessor-version":[{"id":1123,"href":"https:\/\/valerievaubourg.com\/index.php?rest_route=\/wp\/v2\/pages\/192\/revisions\/1123"}],"up":[{"embeddable":true,"href":"https:\/\/valerievaubourg.com\/index.php?rest_route=\/wp\/v2\/pages\/831"}],"wp:featuredmedia":[{"embeddable":true,"href":"https:\/\/valerievaubourg.com\/index.php?rest_route=\/wp\/v2\/media\/48"}],"wp:attachment":[{"href":"https:\/\/valerievaubourg.com\/index.php?rest_route=%2Fwp%2Fv2%2Fmedia&parent=192"}],"curies":[{"name":"wp","href":"https:\/\/api.w.org\/{rel}","templated":true}]}}