{"id":1882,"date":"2024-08-31T06:35:07","date_gmt":"2024-08-31T06:35:07","guid":{"rendered":"http:\/\/valerievaubourg.com\/?page_id=1882"},"modified":"2026-04-02T10:02:47","modified_gmt":"2026-04-02T10:02:47","slug":"peintures-paysages","status":"publish","type":"page","link":"https:\/\/valerievaubourg.com\/?page_id=1882","title":{"rendered":"Peintures\/paysages"},"content":{"rendered":"\n<p>Le paysage a d&rsquo;abord \u00e9t\u00e9 pictural avant d&rsquo;\u00eatre r\u00e9el.&nbsp;<em>Paysage,<\/em>&nbsp;comme morceau de pays, est le nom donn\u00e9 \u00e0 cette nature id\u00e9alis\u00e9e que les peintres repr\u00e9sentaient au XVIe si\u00e8cle. Face \u00e0 la catastrophe \u00e9cologique, une re-connexion \u00e0 la nature s&rsquo;est impos\u00e9e&nbsp;: la marche pr\u00e9c\u00e8de d\u00e9sormais mon geste artistique, me rendant perm\u00e9able aux transformations du paysage, \u00e0 ses r\u00e9sistances et alt\u00e9rations. Il s&rsquo;agit d&rsquo;\u00eatre dans le paysage, l\u2019observer en marchant, le ressentir<s>.<\/s> Comme un laboratoire de recherches et de formes o\u00f9 la r\u00e9flexion et la pens\u00e9e artistiques se d\u00e9voilent&nbsp; progressivement en r\u00e9v\u00e9lant leurs choix.&nbsp; La peinture accompagne, donne \u00e0 voir et invente les transformations. Cette perception du paysage nous interroge sur ses repr\u00e9sentations. Elle nous permet aussi de saisir les interrelations que nous entretenons avec les facteurs naturels et humains qui le modifient sans cesse.<\/p>\n\n\n\n<h2 class=\"wp-block-heading\">Apr\u00e8s la pluie, 60&#215;120 cm. triptyque. Huile sur papier maroufl\u00e9 sur m\u00e9dium. 2026. Collection particuli\u00e8re.<\/h2>\n\n\n\n<figure class=\"wp-block-image size-large\"><a href=\"https:\/\/valerievaubourg.com\/wp-content\/uploads\/2026\/03\/apres-la-pluie-triptyque-atelier-copie.jpg\"><img loading=\"lazy\" decoding=\"async\" width=\"1024\" height=\"711\" src=\"https:\/\/valerievaubourg.com\/wp-content\/uploads\/2026\/03\/apres-la-pluie-triptyque-atelier-copie-1024x711.jpg\" alt=\"\" class=\"wp-image-1952\" srcset=\"https:\/\/valerievaubourg.com\/wp-content\/uploads\/2026\/03\/apres-la-pluie-triptyque-atelier-copie-1024x711.jpg 1024w, https:\/\/valerievaubourg.com\/wp-content\/uploads\/2026\/03\/apres-la-pluie-triptyque-atelier-copie-300x208.jpg 300w, https:\/\/valerievaubourg.com\/wp-content\/uploads\/2026\/03\/apres-la-pluie-triptyque-atelier-copie-768x533.jpg 768w, https:\/\/valerievaubourg.com\/wp-content\/uploads\/2026\/03\/apres-la-pluie-triptyque-atelier-copie-1536x1066.jpg 1536w, https:\/\/valerievaubourg.com\/wp-content\/uploads\/2026\/03\/apres-la-pluie-triptyque-atelier-copie-2048x1421.jpg 2048w\" sizes=\"(max-width: 767px) 89vw, (max-width: 1000px) 54vw, (max-width: 1071px) 543px, 580px\" \/><\/a><\/figure>\n\n\n\n<h2 class=\"wp-block-heading\">La couleur de l&rsquo;eau, 170 x 150 cm. Huile sur papier. Juillet 2025.<\/h2>\n\n\n\n<figure class=\"wp-block-image size-large\"><a href=\"https:\/\/valerievaubourg.com\/wp-content\/uploads\/2026\/03\/VAUBOURG-Valerie-La-couleur-de-leau--scaled.jpg\"><img loading=\"lazy\" decoding=\"async\" width=\"768\" height=\"1024\" src=\"https:\/\/valerievaubourg.com\/wp-content\/uploads\/2026\/03\/VAUBOURG-Valerie-La-couleur-de-leau--768x1024.jpg\" alt=\"\" class=\"wp-image-1948\" srcset=\"https:\/\/valerievaubourg.com\/wp-content\/uploads\/2026\/03\/VAUBOURG-Valerie-La-couleur-de-leau--768x1024.jpg 768w, https:\/\/valerievaubourg.com\/wp-content\/uploads\/2026\/03\/VAUBOURG-Valerie-La-couleur-de-leau--225x300.jpg 225w, https:\/\/valerievaubourg.com\/wp-content\/uploads\/2026\/03\/VAUBOURG-Valerie-La-couleur-de-leau--1152x1536.jpg 1152w, https:\/\/valerievaubourg.com\/wp-content\/uploads\/2026\/03\/VAUBOURG-Valerie-La-couleur-de-leau--1536x2048.jpg 1536w, https:\/\/valerievaubourg.com\/wp-content\/uploads\/2026\/03\/VAUBOURG-Valerie-La-couleur-de-leau--scaled.jpg 1920w\" sizes=\"(max-width: 767px) 89vw, (max-width: 1000px) 54vw, (max-width: 1071px) 543px, 580px\" \/><\/a><figcaption class=\"wp-element-caption\">.<\/figcaption><\/figure>\n\n\n\n<h2 class=\"wp-block-heading\">La couleur de l&rsquo;eau, 4 peintures \u00e0 l&rsquo;huile maroufl\u00e9es sur m\u00e9dium. 2025<\/h2>\n\n\n\n<figure class=\"wp-block-image size-large is-resized\"><a href=\"https:\/\/valerievaubourg.com\/wp-content\/uploads\/2026\/03\/watercolor-copie-2.jpg\"><img loading=\"lazy\" decoding=\"async\" width=\"1024\" height=\"460\" src=\"https:\/\/valerievaubourg.com\/wp-content\/uploads\/2026\/03\/watercolor-copie-2-1024x460.jpg\" alt=\"\" class=\"wp-image-1949\" style=\"width:679px;height:auto\" srcset=\"https:\/\/valerievaubourg.com\/wp-content\/uploads\/2026\/03\/watercolor-copie-2-1024x460.jpg 1024w, https:\/\/valerievaubourg.com\/wp-content\/uploads\/2026\/03\/watercolor-copie-2-300x135.jpg 300w, https:\/\/valerievaubourg.com\/wp-content\/uploads\/2026\/03\/watercolor-copie-2-768x345.jpg 768w, https:\/\/valerievaubourg.com\/wp-content\/uploads\/2026\/03\/watercolor-copie-2-1536x690.jpg 1536w, https:\/\/valerievaubourg.com\/wp-content\/uploads\/2026\/03\/watercolor-copie-2.jpg 1578w\" sizes=\"(max-width: 767px) 89vw, (max-width: 1000px) 54vw, (max-width: 1071px) 543px, 580px\" \/><\/a><\/figure>\n\n\n\n<h2 class=\"wp-block-heading\">La couleur de l&rsquo;eau, Seclin. 170 x 120 cm. Huile sur papier. 2025.<\/h2>\n\n\n\n<figure class=\"wp-block-image size-large\"><a href=\"https:\/\/valerievaubourg.com\/wp-content\/uploads\/2026\/03\/LENTILLES-D-EAU-CANAL-DE-SECLIN-copie-scaled.jpg\"><img loading=\"lazy\" decoding=\"async\" width=\"1024\" height=\"478\" src=\"https:\/\/valerievaubourg.com\/wp-content\/uploads\/2026\/03\/LENTILLES-D-EAU-CANAL-DE-SECLIN-copie-1024x478.jpg\" alt=\"\" class=\"wp-image-1944\" srcset=\"https:\/\/valerievaubourg.com\/wp-content\/uploads\/2026\/03\/LENTILLES-D-EAU-CANAL-DE-SECLIN-copie-1024x478.jpg 1024w, https:\/\/valerievaubourg.com\/wp-content\/uploads\/2026\/03\/LENTILLES-D-EAU-CANAL-DE-SECLIN-copie-300x140.jpg 300w, https:\/\/valerievaubourg.com\/wp-content\/uploads\/2026\/03\/LENTILLES-D-EAU-CANAL-DE-SECLIN-copie-768x358.jpg 768w, https:\/\/valerievaubourg.com\/wp-content\/uploads\/2026\/03\/LENTILLES-D-EAU-CANAL-DE-SECLIN-copie-1536x716.jpg 1536w, https:\/\/valerievaubourg.com\/wp-content\/uploads\/2026\/03\/LENTILLES-D-EAU-CANAL-DE-SECLIN-copie-2048x955.jpg 2048w\" sizes=\"(max-width: 767px) 89vw, (max-width: 1000px) 54vw, (max-width: 1071px) 543px, 580px\" \/><\/a><\/figure>\n\n\n\n<figure class=\"wp-block-image size-large is-resized\"><a href=\"https:\/\/valerievaubourg.com\/wp-content\/uploads\/2026\/03\/la-couleur-de-leau-serie-copie.jpg\"><img loading=\"lazy\" decoding=\"async\" width=\"1021\" height=\"1024\" src=\"https:\/\/valerievaubourg.com\/wp-content\/uploads\/2026\/03\/la-couleur-de-leau-serie-copie-1021x1024.jpg\" alt=\"\" class=\"wp-image-1941\" style=\"width:674px;height:auto\" srcset=\"https:\/\/valerievaubourg.com\/wp-content\/uploads\/2026\/03\/la-couleur-de-leau-serie-copie-1021x1024.jpg 1021w, https:\/\/valerievaubourg.com\/wp-content\/uploads\/2026\/03\/la-couleur-de-leau-serie-copie-300x300.jpg 300w, https:\/\/valerievaubourg.com\/wp-content\/uploads\/2026\/03\/la-couleur-de-leau-serie-copie-150x150.jpg 150w, https:\/\/valerievaubourg.com\/wp-content\/uploads\/2026\/03\/la-couleur-de-leau-serie-copie-768x771.jpg 768w, https:\/\/valerievaubourg.com\/wp-content\/uploads\/2026\/03\/la-couleur-de-leau-serie-copie-100x100.jpg 100w, https:\/\/valerievaubourg.com\/wp-content\/uploads\/2026\/03\/la-couleur-de-leau-serie-copie.jpg 1180w\" sizes=\"(max-width: 767px) 89vw, (max-width: 1000px) 54vw, (max-width: 1071px) 543px, 580px\" \/><\/a><\/figure>\n\n\n\n<figure class=\"wp-block-image size-large\"><a href=\"https:\/\/valerievaubourg.com\/wp-content\/uploads\/2026\/03\/LA-COULEUR-DE-LEAU-HAUT-DE-FRANCE.jpg\"><img loading=\"lazy\" decoding=\"async\" width=\"908\" height=\"1024\" src=\"https:\/\/valerievaubourg.com\/wp-content\/uploads\/2026\/03\/LA-COULEUR-DE-LEAU-HAUT-DE-FRANCE-908x1024.jpg\" alt=\"\" class=\"wp-image-1940\" srcset=\"https:\/\/valerievaubourg.com\/wp-content\/uploads\/2026\/03\/LA-COULEUR-DE-LEAU-HAUT-DE-FRANCE-908x1024.jpg 908w, https:\/\/valerievaubourg.com\/wp-content\/uploads\/2026\/03\/LA-COULEUR-DE-LEAU-HAUT-DE-FRANCE-266x300.jpg 266w, https:\/\/valerievaubourg.com\/wp-content\/uploads\/2026\/03\/LA-COULEUR-DE-LEAU-HAUT-DE-FRANCE-768x866.jpg 768w, https:\/\/valerievaubourg.com\/wp-content\/uploads\/2026\/03\/LA-COULEUR-DE-LEAU-HAUT-DE-FRANCE-1363x1536.jpg 1363w, https:\/\/valerievaubourg.com\/wp-content\/uploads\/2026\/03\/LA-COULEUR-DE-LEAU-HAUT-DE-FRANCE.jpg 1564w\" sizes=\"(max-width: 767px) 89vw, (max-width: 1000px) 54vw, (max-width: 1071px) 543px, 580px\" \/><\/a><figcaption class=\"wp-element-caption\">La couleur de l&rsquo;eau, huile sur papier. 160 x 160 cm. 2025<\/figcaption><\/figure>\n\n\n\n<figure class=\"wp-block-image size-large is-resized\"><a href=\"https:\/\/valerievaubourg.com\/wp-content\/uploads\/2026\/03\/20250713_160150.jpg\"><img loading=\"lazy\" decoding=\"async\" width=\"1024\" height=\"1019\" src=\"https:\/\/valerievaubourg.com\/wp-content\/uploads\/2026\/03\/20250713_160150-1024x1019.jpg\" alt=\"\" class=\"wp-image-1938\" style=\"width:672px;height:auto\" srcset=\"https:\/\/valerievaubourg.com\/wp-content\/uploads\/2026\/03\/20250713_160150-1024x1019.jpg 1024w, https:\/\/valerievaubourg.com\/wp-content\/uploads\/2026\/03\/20250713_160150-300x298.jpg 300w, https:\/\/valerievaubourg.com\/wp-content\/uploads\/2026\/03\/20250713_160150-150x150.jpg 150w, https:\/\/valerievaubourg.com\/wp-content\/uploads\/2026\/03\/20250713_160150-768x764.jpg 768w, https:\/\/valerievaubourg.com\/wp-content\/uploads\/2026\/03\/20250713_160150-1536x1528.jpg 1536w, https:\/\/valerievaubourg.com\/wp-content\/uploads\/2026\/03\/20250713_160150-100x100.jpg 100w, https:\/\/valerievaubourg.com\/wp-content\/uploads\/2026\/03\/20250713_160150.jpg 1753w\" sizes=\"(max-width: 767px) 89vw, (max-width: 1000px) 54vw, (max-width: 1071px) 543px, 580px\" \/><\/a><\/figure>\n\n\n\n<figure class=\"wp-block-image size-large\"><a href=\"https:\/\/valerievaubourg.com\/wp-content\/uploads\/2026\/03\/20250713_170622-1-scaled.jpg\"><img loading=\"lazy\" decoding=\"async\" width=\"461\" height=\"1024\" src=\"https:\/\/valerievaubourg.com\/wp-content\/uploads\/2026\/03\/20250713_170622-1-461x1024.jpg\" alt=\"\" class=\"wp-image-1951\" srcset=\"https:\/\/valerievaubourg.com\/wp-content\/uploads\/2026\/03\/20250713_170622-1-461x1024.jpg 461w, https:\/\/valerievaubourg.com\/wp-content\/uploads\/2026\/03\/20250713_170622-1-135x300.jpg 135w, https:\/\/valerievaubourg.com\/wp-content\/uploads\/2026\/03\/20250713_170622-1-768x1707.jpg 768w, https:\/\/valerievaubourg.com\/wp-content\/uploads\/2026\/03\/20250713_170622-1-691x1536.jpg 691w, https:\/\/valerievaubourg.com\/wp-content\/uploads\/2026\/03\/20250713_170622-1-922x2048.jpg 922w, https:\/\/valerievaubourg.com\/wp-content\/uploads\/2026\/03\/20250713_170622-1-scaled.jpg 1152w\" sizes=\"(max-width: 461px) 100vw, 461px\" \/><\/a><\/figure>\n\n\n\n<figure class=\"wp-block-image size-large\"><a href=\"http:\/\/valerievaubourg.com\/wp-content\/uploads\/2024\/08\/Canal-de-seclin-scaled.jpg\"><img loading=\"lazy\" decoding=\"async\" width=\"1024\" height=\"646\" src=\"http:\/\/valerievaubourg.com\/wp-content\/uploads\/2024\/08\/Canal-de-seclin-1024x646.jpg\" alt=\"\" class=\"wp-image-1795\" srcset=\"https:\/\/valerievaubourg.com\/wp-content\/uploads\/2024\/08\/Canal-de-seclin-1024x646.jpg 1024w, https:\/\/valerievaubourg.com\/wp-content\/uploads\/2024\/08\/Canal-de-seclin-300x189.jpg 300w, https:\/\/valerievaubourg.com\/wp-content\/uploads\/2024\/08\/Canal-de-seclin-768x485.jpg 768w, https:\/\/valerievaubourg.com\/wp-content\/uploads\/2024\/08\/Canal-de-seclin-1536x969.jpg 1536w, https:\/\/valerievaubourg.com\/wp-content\/uploads\/2024\/08\/Canal-de-seclin-2048x1292.jpg 2048w\" sizes=\"(max-width: 767px) 89vw, (max-width: 1000px) 54vw, (max-width: 1071px) 543px, 580px\" \/><\/a><figcaption class=\"wp-element-caption\">Canal, reflet. 2023. Huile sur papier maroufl\u00e9 sur bois. 160 x 90 cm<\/figcaption><\/figure>\n\n\n\n<figure class=\"wp-block-image size-large\"><a href=\"http:\/\/valerievaubourg.com\/wp-content\/uploads\/2024\/05\/installation-clematite.jpg\"><img loading=\"lazy\" decoding=\"async\" width=\"807\" height=\"1024\" src=\"http:\/\/valerievaubourg.com\/wp-content\/uploads\/2024\/05\/installation-clematite-807x1024.jpg\" alt=\"Installation\" class=\"wp-image-1544\" srcset=\"https:\/\/valerievaubourg.com\/wp-content\/uploads\/2024\/05\/installation-clematite-807x1024.jpg 807w, https:\/\/valerievaubourg.com\/wp-content\/uploads\/2024\/05\/installation-clematite-237x300.jpg 237w, https:\/\/valerievaubourg.com\/wp-content\/uploads\/2024\/05\/installation-clematite-768x974.jpg 768w, https:\/\/valerievaubourg.com\/wp-content\/uploads\/2024\/05\/installation-clematite-1211x1536.jpg 1211w, https:\/\/valerievaubourg.com\/wp-content\/uploads\/2024\/05\/installation-clematite-1615x2048.jpg 1615w, https:\/\/valerievaubourg.com\/wp-content\/uploads\/2024\/05\/installation-clematite.jpg 1737w\" sizes=\"(max-width: 767px) 89vw, (max-width: 1000px) 54vw, (max-width: 1071px) 543px, 580px\" \/><\/a><figcaption class=\"wp-element-caption\">Cl\u00e9matites, le chemin suivi. 2024. Installation, huile sur papier, Peinture  160 x 80 cm. Huile sur papier. Sculpture, Bois noir. 2024. Bois, mastic, c\u00e2ble \u00e9lectrique, peinture mate noire<\/figcaption><\/figure>\n\n\n\n<figure class=\"wp-block-image size-large\"><a href=\"http:\/\/valerievaubourg.com\/wp-content\/uploads\/2024\/08\/sans-titre-2024.-Clematites-sauvages.jpg\"><img loading=\"lazy\" decoding=\"async\" width=\"733\" height=\"1024\" src=\"http:\/\/valerievaubourg.com\/wp-content\/uploads\/2024\/08\/sans-titre-2024.-Clematites-sauvages-733x1024.jpg\" alt=\"\" class=\"wp-image-1794\" srcset=\"https:\/\/valerievaubourg.com\/wp-content\/uploads\/2024\/08\/sans-titre-2024.-Clematites-sauvages-733x1024.jpg 733w, https:\/\/valerievaubourg.com\/wp-content\/uploads\/2024\/08\/sans-titre-2024.-Clematites-sauvages-215x300.jpg 215w, https:\/\/valerievaubourg.com\/wp-content\/uploads\/2024\/08\/sans-titre-2024.-Clematites-sauvages-768x1073.jpg 768w, https:\/\/valerievaubourg.com\/wp-content\/uploads\/2024\/08\/sans-titre-2024.-Clematites-sauvages-1099x1536.jpg 1099w, https:\/\/valerievaubourg.com\/wp-content\/uploads\/2024\/08\/sans-titre-2024.-Clematites-sauvages-1466x2048.jpg 1466w, https:\/\/valerievaubourg.com\/wp-content\/uploads\/2024\/08\/sans-titre-2024.-Clematites-sauvages.jpg 1548w\" sizes=\"(max-width: 733px) 100vw, 733px\" \/><\/a><\/figure>\n\n\n\n<figure class=\"wp-block-image size-large\"><a href=\"https:\/\/valerievaubourg.com\/wp-content\/uploads\/2026\/03\/le-cours-de-leau-1.jpg\"><img loading=\"lazy\" decoding=\"async\" width=\"696\" height=\"1024\" src=\"https:\/\/valerievaubourg.com\/wp-content\/uploads\/2026\/03\/le-cours-de-leau-1-696x1024.jpg\" alt=\"\" class=\"wp-image-1947\" srcset=\"https:\/\/valerievaubourg.com\/wp-content\/uploads\/2026\/03\/le-cours-de-leau-1-696x1024.jpg 696w, https:\/\/valerievaubourg.com\/wp-content\/uploads\/2026\/03\/le-cours-de-leau-1-204x300.jpg 204w, https:\/\/valerievaubourg.com\/wp-content\/uploads\/2026\/03\/le-cours-de-leau-1-768x1129.jpg 768w, https:\/\/valerievaubourg.com\/wp-content\/uploads\/2026\/03\/le-cours-de-leau-1-1044x1536.jpg 1044w, https:\/\/valerievaubourg.com\/wp-content\/uploads\/2026\/03\/le-cours-de-leau-1-1393x2048.jpg 1393w, https:\/\/valerievaubourg.com\/wp-content\/uploads\/2026\/03\/le-cours-de-leau-1.jpg 1738w\" sizes=\"(max-width: 696px) 100vw, 696px\" \/><\/a><\/figure>\n\n\n\n<h2 class=\"wp-block-heading\">Sous-bois, Haut de France. 2024. Huile sur toile. 160 x 90 cm<\/h2>\n","protected":false},"excerpt":{"rendered":"<p>Le paysage a d&rsquo;abord \u00e9t\u00e9 pictural avant d&rsquo;\u00eatre r\u00e9el.&nbsp;Paysage,&nbsp;comme morceau de pays, est le nom donn\u00e9 \u00e0 cette nature id\u00e9alis\u00e9e que les peintres repr\u00e9sentaient au XVIe si\u00e8cle. Face \u00e0 la catastrophe \u00e9cologique, une re-connexion \u00e0 la nature s&rsquo;est impos\u00e9e&nbsp;: la marche pr\u00e9c\u00e8de d\u00e9sormais mon geste artistique, me rendant perm\u00e9able aux transformations du paysage, \u00e0 ses &hellip; <\/p>\n<p class=\"link-more\"><a href=\"https:\/\/valerievaubourg.com\/?page_id=1882\" class=\"more-link\">Continuer la lecture<span class=\"screen-reader-text\"> de &laquo;&nbsp;Peintures\/paysages&nbsp;&raquo;<\/span><\/a><\/p>\n","protected":false},"author":1,"featured_media":0,"parent":0,"menu_order":0,"comment_status":"closed","ping_status":"closed","template":"","meta":{"footnotes":""},"_links":{"self":[{"href":"https:\/\/valerievaubourg.com\/index.php?rest_route=\/wp\/v2\/pages\/1882"}],"collection":[{"href":"https:\/\/valerievaubourg.com\/index.php?rest_route=\/wp\/v2\/pages"}],"about":[{"href":"https:\/\/valerievaubourg.com\/index.php?rest_route=\/wp\/v2\/types\/page"}],"author":[{"embeddable":true,"href":"https:\/\/valerievaubourg.com\/index.php?rest_route=\/wp\/v2\/users\/1"}],"replies":[{"embeddable":true,"href":"https:\/\/valerievaubourg.com\/index.php?rest_route=%2Fwp%2Fv2%2Fcomments&post=1882"}],"version-history":[{"count":6,"href":"https:\/\/valerievaubourg.com\/index.php?rest_route=\/wp\/v2\/pages\/1882\/revisions"}],"predecessor-version":[{"id":1957,"href":"https:\/\/valerievaubourg.com\/index.php?rest_route=\/wp\/v2\/pages\/1882\/revisions\/1957"}],"wp:attachment":[{"href":"https:\/\/valerievaubourg.com\/index.php?rest_route=%2Fwp%2Fv2%2Fmedia&parent=1882"}],"curies":[{"name":"wp","href":"https:\/\/api.w.org\/{rel}","templated":true}]}}