{"id":1696,"date":"2024-06-20T08:24:36","date_gmt":"2024-06-20T08:24:36","guid":{"rendered":"https:\/\/valerievaubourg.com\/?page_id=1696"},"modified":"2024-06-20T08:27:14","modified_gmt":"2024-06-20T08:27:14","slug":"2016-une-legere-inquietude-galerie-white-project-paris-fr","status":"publish","type":"page","link":"https:\/\/valerievaubourg.com\/?page_id=1696","title":{"rendered":"2016 &#8211; Une l\u00e9g\u00e8re inqui\u00e9tude, Galerie White project. Paris.FR"},"content":{"rendered":"","protected":false},"excerpt":{"rendered":"","protected":false},"author":1,"featured_media":0,"parent":0,"menu_order":0,"comment_status":"closed","ping_status":"closed","template":"","meta":{"footnotes":""},"_links":{"self":[{"href":"https:\/\/valerievaubourg.com\/index.php?rest_route=\/wp\/v2\/pages\/1696"}],"collection":[{"href":"https:\/\/valerievaubourg.com\/index.php?rest_route=\/wp\/v2\/pages"}],"about":[{"href":"https:\/\/valerievaubourg.com\/index.php?rest_route=\/wp\/v2\/types\/page"}],"author":[{"embeddable":true,"href":"https:\/\/valerievaubourg.com\/index.php?rest_route=\/wp\/v2\/users\/1"}],"replies":[{"embeddable":true,"href":"https:\/\/valerievaubourg.com\/index.php?rest_route=%2Fwp%2Fv2%2Fcomments&post=1696"}],"version-history":[{"count":2,"href":"https:\/\/valerievaubourg.com\/index.php?rest_route=\/wp\/v2\/pages\/1696\/revisions"}],"predecessor-version":[{"id":1756,"href":"https:\/\/valerievaubourg.com\/index.php?rest_route=\/wp\/v2\/pages\/1696\/revisions\/1756"}],"wp:attachment":[{"href":"https:\/\/valerievaubourg.com\/index.php?rest_route=%2Fwp%2Fv2%2Fmedia&parent=1696"}],"curies":[{"name":"wp","href":"https:\/\/api.w.org\/{rel}","templated":true}]}}