{"id":1689,"date":"2024-06-20T08:24:36","date_gmt":"2024-06-20T08:24:36","guid":{"rendered":"https:\/\/valerievaubourg.com\/?page_id=1689"},"modified":"2024-06-20T08:27:23","modified_gmt":"2024-06-20T08:27:23","slug":"2019-detours-et-derives-biennale-du-lin-juin-2019-quebec","status":"publish","type":"page","link":"https:\/\/valerievaubourg.com\/?page_id=1689","title":{"rendered":"2019 &#8211; D\u00e9tours et d\u00e9rives. Biennale du Lin, Juin 2019. Qu\u00e9bec"},"content":{"rendered":"","protected":false},"excerpt":{"rendered":"","protected":false},"author":1,"featured_media":0,"parent":0,"menu_order":0,"comment_status":"closed","ping_status":"closed","template":"","meta":{"footnotes":""},"_links":{"self":[{"href":"https:\/\/valerievaubourg.com\/index.php?rest_route=\/wp\/v2\/pages\/1689"}],"collection":[{"href":"https:\/\/valerievaubourg.com\/index.php?rest_route=\/wp\/v2\/pages"}],"about":[{"href":"https:\/\/valerievaubourg.com\/index.php?rest_route=\/wp\/v2\/types\/page"}],"author":[{"embeddable":true,"href":"https:\/\/valerievaubourg.com\/index.php?rest_route=\/wp\/v2\/users\/1"}],"replies":[{"embeddable":true,"href":"https:\/\/valerievaubourg.com\/index.php?rest_route=%2Fwp%2Fv2%2Fcomments&post=1689"}],"version-history":[{"count":2,"href":"https:\/\/valerievaubourg.com\/index.php?rest_route=\/wp\/v2\/pages\/1689\/revisions"}],"predecessor-version":[{"id":1758,"href":"https:\/\/valerievaubourg.com\/index.php?rest_route=\/wp\/v2\/pages\/1689\/revisions\/1758"}],"wp:attachment":[{"href":"https:\/\/valerievaubourg.com\/index.php?rest_route=%2Fwp%2Fv2%2Fmedia&parent=1689"}],"curies":[{"name":"wp","href":"https:\/\/api.w.org\/{rel}","templated":true}]}}