{"id":1621,"date":"2024-06-05T18:06:46","date_gmt":"2024-06-05T18:06:46","guid":{"rendered":"https:\/\/valerievaubourg.com\/?page_id=1621"},"modified":"2024-08-31T09:06:55","modified_gmt":"2024-08-31T09:06:55","slug":"2024-etats-de-natures","status":"publish","type":"page","link":"https:\/\/valerievaubourg.com\/?page_id=1621","title":{"rendered":"2024 &#8211; Etat(s) de nature(s)"},"content":{"rendered":"\n<p><\/p>\n\n\n\n<figure class=\"wp-block-image size-large\"><a href=\"http:\/\/valerievaubourg.com\/wp-content\/uploads\/2024\/08\/etat-de-nature.jpg\"><img loading=\"lazy\" decoding=\"async\" width=\"1024\" height=\"461\" src=\"http:\/\/valerievaubourg.com\/wp-content\/uploads\/2024\/08\/etat-de-nature-1024x461.jpg\" alt=\"\" class=\"wp-image-1902\" srcset=\"https:\/\/valerievaubourg.com\/wp-content\/uploads\/2024\/08\/etat-de-nature-1024x461.jpg 1024w, https:\/\/valerievaubourg.com\/wp-content\/uploads\/2024\/08\/etat-de-nature-300x135.jpg 300w, https:\/\/valerievaubourg.com\/wp-content\/uploads\/2024\/08\/etat-de-nature-768x345.jpg 768w, https:\/\/valerievaubourg.com\/wp-content\/uploads\/2024\/08\/etat-de-nature-1536x691.jpg 1536w, https:\/\/valerievaubourg.com\/wp-content\/uploads\/2024\/08\/etat-de-nature.jpg 1701w\" sizes=\"(max-width: 767px) 89vw, (max-width: 1000px) 54vw, (max-width: 1071px) 543px, 580px\" \/><\/a><figcaption class=\"wp-element-caption\">Etat(s) de nature. <\/figcaption><\/figure>\n\n\n\n<figure class=\"wp-block-image size-full\"><a href=\"http:\/\/valerievaubourg.com\/wp-content\/uploads\/2024\/08\/CLEMATITE-SAUVAGE-RACINE-de-rone-fusain.jpg\"><img loading=\"lazy\" decoding=\"async\" width=\"1024\" height=\"831\" src=\"http:\/\/valerievaubourg.com\/wp-content\/uploads\/2024\/08\/CLEMATITE-SAUVAGE-RACINE-de-rone-fusain.jpg\" alt=\"\" class=\"wp-image-1817\" srcset=\"https:\/\/valerievaubourg.com\/wp-content\/uploads\/2024\/08\/CLEMATITE-SAUVAGE-RACINE-de-rone-fusain.jpg 1024w, https:\/\/valerievaubourg.com\/wp-content\/uploads\/2024\/08\/CLEMATITE-SAUVAGE-RACINE-de-rone-fusain-300x243.jpg 300w, https:\/\/valerievaubourg.com\/wp-content\/uploads\/2024\/08\/CLEMATITE-SAUVAGE-RACINE-de-rone-fusain-768x623.jpg 768w\" sizes=\"(max-width: 767px) 89vw, (max-width: 1000px) 54vw, (max-width: 1071px) 543px, 580px\" \/><\/a><\/figure>\n\n\n\n<figure class=\"wp-block-image size-large is-resized\"><a href=\"http:\/\/valerievaubourg.com\/wp-content\/uploads\/2024\/07\/installation-fusainsculpture-zone-de-R-scaled.jpg\"><img loading=\"lazy\" decoding=\"async\" width=\"617\" height=\"1024\" src=\"http:\/\/valerievaubourg.com\/wp-content\/uploads\/2024\/07\/installation-fusainsculpture-zone-de-R-617x1024.jpg\" alt=\"\" class=\"wp-image-1788\" style=\"width:677px;height:auto\" srcset=\"https:\/\/valerievaubourg.com\/wp-content\/uploads\/2024\/07\/installation-fusainsculpture-zone-de-R-617x1024.jpg 617w, https:\/\/valerievaubourg.com\/wp-content\/uploads\/2024\/07\/installation-fusainsculpture-zone-de-R-181x300.jpg 181w, https:\/\/valerievaubourg.com\/wp-content\/uploads\/2024\/07\/installation-fusainsculpture-zone-de-R-768x1275.jpg 768w, https:\/\/valerievaubourg.com\/wp-content\/uploads\/2024\/07\/installation-fusainsculpture-zone-de-R-925x1536.jpg 925w, https:\/\/valerievaubourg.com\/wp-content\/uploads\/2024\/07\/installation-fusainsculpture-zone-de-R-1234x2048.jpg 1234w, https:\/\/valerievaubourg.com\/wp-content\/uploads\/2024\/07\/installation-fusainsculpture-zone-de-R-scaled.jpg 1542w\" sizes=\"(max-width: 617px) 100vw, 617px\" \/><\/a><\/figure>\n\n\n\n<figure class=\"wp-block-image size-large\"><a href=\"http:\/\/valerievaubourg.com\/wp-content\/uploads\/2024\/08\/20240226_105049-scaled.jpg\"><img decoding=\"async\" src=\"http:\/\/valerievaubourg.com\/wp-content\/uploads\/2024\/08\/20240226_105049-1024x576.jpg\" alt=\"\" class=\"wp-image-1823\"\/><\/a><\/figure>\n\n\n\n\n\n<figure class=\"wp-block-image size-large\"><a href=\"https:\/\/valerievaubourg.com\/wp-content\/uploads\/2024\/08\/IMG_20240226_105455-scaled.jpg\"><img decoding=\"async\" src=\"https:\/\/valerievaubourg.com\/wp-content\/uploads\/2024\/08\/IMG_20240226_105455-768x1024.jpg\" alt=\"\" class=\"wp-image-1836\"\/><\/a><figcaption class=\"wp-element-caption\">Houx, 2023. Souche de joux \u00e9corc\u00e9e et polie.<\/figcaption><\/figure>\n\n\n\n<figure class=\"wp-block-image size-large\"><a href=\"https:\/\/valerievaubourg.com\/wp-content\/uploads\/2024\/08\/IMG_20240226_105839-scaled.jpg\"><img loading=\"lazy\" decoding=\"async\" width=\"1024\" height=\"768\" src=\"https:\/\/valerievaubourg.com\/wp-content\/uploads\/2024\/08\/IMG_20240226_105839-1024x768.jpg\" alt=\"\" class=\"wp-image-1837\" srcset=\"https:\/\/valerievaubourg.com\/wp-content\/uploads\/2024\/08\/IMG_20240226_105839-1024x768.jpg 1024w, https:\/\/valerievaubourg.com\/wp-content\/uploads\/2024\/08\/IMG_20240226_105839-300x225.jpg 300w, https:\/\/valerievaubourg.com\/wp-content\/uploads\/2024\/08\/IMG_20240226_105839-768x576.jpg 768w, https:\/\/valerievaubourg.com\/wp-content\/uploads\/2024\/08\/IMG_20240226_105839-1536x1152.jpg 1536w, https:\/\/valerievaubourg.com\/wp-content\/uploads\/2024\/08\/IMG_20240226_105839-2048x1536.jpg 2048w\" sizes=\"(max-width: 767px) 89vw, (max-width: 1000px) 54vw, (max-width: 1071px) 543px, 580px\" \/><\/a><figcaption class=\"wp-element-caption\">Canal de Seclin, peinture \u00e0 l&rsquo;huile sur papier.  Paysage, fusain, peinture sur papier.  Card\u00e8re,  chardon, pied de verre \u00e0 vin.<\/figcaption><\/figure>\n\n\n\n<figure class=\"wp-block-image size-large\"><a href=\"https:\/\/valerievaubourg.com\/wp-content\/uploads\/2024\/08\/etats-de-natures-bois-enchaine.-2023.-Bois-chaine-scaled.jpg\"><img loading=\"lazy\" decoding=\"async\" width=\"768\" height=\"1024\" src=\"https:\/\/valerievaubourg.com\/wp-content\/uploads\/2024\/08\/etats-de-natures-bois-enchaine.-2023.-Bois-chaine-768x1024.jpg\" alt=\"\" class=\"wp-image-1838\" srcset=\"https:\/\/valerievaubourg.com\/wp-content\/uploads\/2024\/08\/etats-de-natures-bois-enchaine.-2023.-Bois-chaine-768x1024.jpg 768w, https:\/\/valerievaubourg.com\/wp-content\/uploads\/2024\/08\/etats-de-natures-bois-enchaine.-2023.-Bois-chaine-225x300.jpg 225w, https:\/\/valerievaubourg.com\/wp-content\/uploads\/2024\/08\/etats-de-natures-bois-enchaine.-2023.-Bois-chaine-1152x1536.jpg 1152w, https:\/\/valerievaubourg.com\/wp-content\/uploads\/2024\/08\/etats-de-natures-bois-enchaine.-2023.-Bois-chaine-1536x2048.jpg 1536w, https:\/\/valerievaubourg.com\/wp-content\/uploads\/2024\/08\/etats-de-natures-bois-enchaine.-2023.-Bois-chaine-scaled.jpg 1920w\" sizes=\"(max-width: 767px) 89vw, (max-width: 1000px) 54vw, (max-width: 1071px) 543px, 580px\" \/><\/a><figcaption class=\"wp-element-caption\">Encha\u00een\u00e9,  2023. Bois \u00e9corc\u00e9 et poli, chaine.<\/figcaption><\/figure>\n\n\n\n<p><\/p>\n\n\n\n<figure class=\"wp-block-image size-large\"><a href=\"https:\/\/valerievaubourg.com\/wp-content\/uploads\/2024\/08\/IMG_20240226_104258-scaled.jpg\"><img loading=\"lazy\" decoding=\"async\" width=\"768\" height=\"1024\" src=\"https:\/\/valerievaubourg.com\/wp-content\/uploads\/2024\/08\/IMG_20240226_104258-768x1024.jpg\" alt=\"\" class=\"wp-image-1839\" srcset=\"https:\/\/valerievaubourg.com\/wp-content\/uploads\/2024\/08\/IMG_20240226_104258-768x1024.jpg 768w, https:\/\/valerievaubourg.com\/wp-content\/uploads\/2024\/08\/IMG_20240226_104258-225x300.jpg 225w, https:\/\/valerievaubourg.com\/wp-content\/uploads\/2024\/08\/IMG_20240226_104258-1152x1536.jpg 1152w, https:\/\/valerievaubourg.com\/wp-content\/uploads\/2024\/08\/IMG_20240226_104258-1536x2048.jpg 1536w, https:\/\/valerievaubourg.com\/wp-content\/uploads\/2024\/08\/IMG_20240226_104258-scaled.jpg 1920w\" sizes=\"(max-width: 767px) 89vw, (max-width: 1000px) 54vw, (max-width: 1071px) 543px, 580px\" \/><\/a><figcaption class=\"wp-element-caption\">R\u00e9silience, 2023. Lierre et grillage entrelac\u00e9s et \u00e9corc\u00e9s, peinture noire mate.<\/figcaption><\/figure>\n\n\n\n<figure class=\"wp-block-image size-large\"><a href=\"https:\/\/valerievaubourg.com\/wp-content\/uploads\/2024\/08\/etats-de-natures-scaled.jpg\"><img loading=\"lazy\" decoding=\"async\" width=\"1024\" height=\"768\" src=\"https:\/\/valerievaubourg.com\/wp-content\/uploads\/2024\/08\/etats-de-natures-1024x768.jpg\" alt=\"\" class=\"wp-image-1841\" srcset=\"https:\/\/valerievaubourg.com\/wp-content\/uploads\/2024\/08\/etats-de-natures-1024x768.jpg 1024w, https:\/\/valerievaubourg.com\/wp-content\/uploads\/2024\/08\/etats-de-natures-300x225.jpg 300w, https:\/\/valerievaubourg.com\/wp-content\/uploads\/2024\/08\/etats-de-natures-768x576.jpg 768w, https:\/\/valerievaubourg.com\/wp-content\/uploads\/2024\/08\/etats-de-natures-1536x1152.jpg 1536w, https:\/\/valerievaubourg.com\/wp-content\/uploads\/2024\/08\/etats-de-natures-2048x1536.jpg 2048w\" sizes=\"(max-width: 767px) 89vw, (max-width: 1000px) 54vw, (max-width: 1071px) 543px, 580px\" \/><\/a><figcaption class=\"wp-element-caption\">smart<\/figcaption><\/figure>\n","protected":false},"excerpt":{"rendered":"","protected":false},"author":1,"featured_media":0,"parent":0,"menu_order":0,"comment_status":"closed","ping_status":"closed","template":"","meta":{"footnotes":""},"_links":{"self":[{"href":"https:\/\/valerievaubourg.com\/index.php?rest_route=\/wp\/v2\/pages\/1621"}],"collection":[{"href":"https:\/\/valerievaubourg.com\/index.php?rest_route=\/wp\/v2\/pages"}],"about":[{"href":"https:\/\/valerievaubourg.com\/index.php?rest_route=\/wp\/v2\/types\/page"}],"author":[{"embeddable":true,"href":"https:\/\/valerievaubourg.com\/index.php?rest_route=\/wp\/v2\/users\/1"}],"replies":[{"embeddable":true,"href":"https:\/\/valerievaubourg.com\/index.php?rest_route=%2Fwp%2Fv2%2Fcomments&post=1621"}],"version-history":[{"count":5,"href":"https:\/\/valerievaubourg.com\/index.php?rest_route=\/wp\/v2\/pages\/1621\/revisions"}],"predecessor-version":[{"id":1914,"href":"https:\/\/valerievaubourg.com\/index.php?rest_route=\/wp\/v2\/pages\/1621\/revisions\/1914"}],"wp:attachment":[{"href":"https:\/\/valerievaubourg.com\/index.php?rest_route=%2Fwp%2Fv2%2Fmedia&parent=1621"}],"curies":[{"name":"wp","href":"https:\/\/api.w.org\/{rel}","templated":true}]}}