{"id":1473,"date":"2024-05-14T14:02:27","date_gmt":"2024-05-14T14:02:27","guid":{"rendered":"https:\/\/valerievaubourg.com\/?page_id=1473"},"modified":"2024-08-31T08:58:17","modified_gmt":"2024-08-31T08:58:17","slug":"videos-interview","status":"publish","type":"page","link":"https:\/\/valerievaubourg.com\/?page_id=1473","title":{"rendered":"cv"},"content":{"rendered":"\n<p>N\u00e9e en 1970<\/p>\n\n\n\n<p>Vit et travaille \u00e0 Lille, France<\/p>\n\n\n\n<p>Formation &#8211; Dipl\u00f4mes<\/p>\n\n\n\n<p>2001 Agr\u00e9gation d\u2019arts plastiques\u2028<\/p>\n\n\n\n<p>1996 Maitrise d\u2019arts plastiques, Universit\u00e9 de Strasbourg 1994 DNSEP, mention tr\u00e8s bien\u2028<\/p>\n\n\n\n<p>1992 DNAP<\/p>\n\n\n\n<p>R\u00e9sidences<\/p>\n\n\n\n<p>2023<\/p>\n\n\n\n<p>R\u00e9sidence- cr\u00e9ation m\u00e9diation Art et nature. Exposition collaborative \u00e9volutive. Lyc\u00e9e Horticole Biotech Douai partenariat SMAC. FR<\/p>\n\n\n\n<p>2022<\/p>\n\n\n\n<p>Le coeur \u00e0 l\u2019ouvrage. RESAC, r\u00e9sidence d\u2019artiste en coll\u00e8ge. Arleux. Haut de France. FR<\/p>\n\n\n\n<p>2018-2019 R\u00e9sidence m\u00e9diation\/cr\u00e9ation. Mus\u00e9e vivant des enfants \/Printemps culturel. Fresnes sur Escaut<\/p>\n\n\n\n<p>1999 \u00e0 2016 Membre r\u00e9sidente de la malterie. LILLE 2015 R\u00e9sidence Mission, CRIC. Dunkerque.<\/p>\n\n\n\n<p><strong>Bourses&nbsp;<\/strong><\/p>\n\n\n\n<p>2023 Aide \u00e0 l\u2019installation, Drac. Hauts de France<\/p>\n\n\n\n<p>2014 Bourse d\u2019aide \u00e0 la cr\u00e9ation et \u00e0 la recherches, R\u00e9gion nord pas de calais\u2028<\/p>\n\n\n\n<p>\u2028<\/p>\n\n\n\n<p>2013 Bourse de recherches. TAMAT, centre de la tapisserie. Tournai. Belgique<\/p>\n\n\n\n<p>2012 Aide \u00e0 l\u2019installation, Drac Nord Pas de Calais&nbsp;<\/p>\n\n\n\n<p><strong><em>Expositions<\/em><\/strong><\/p>\n\n\n\n<p>2024<\/p>\n\n\n\n<p>Les rencontres inopin\u00e9es du dessin. PPGM Roubaix<\/p>\n\n\n\n<p>In the Wood for love. Lille<\/p>\n\n\n\n<p>Le chemin suivi. Le quia. Roubaix<\/p>\n\n\n\n<p>Etat(s) de nature, Zone de r\u00e9sonance. Mortagne du Nord<\/p>\n\n\n\n<p>2023<\/p>\n\n\n\n<p>Animal, textile. Tamat. Tournai. BE<\/p>\n\n\n\n<p>Transfo, B\u00e9thencourt. Haut de France. FR<\/p>\n\n\n\n<p>\u00c9tat(s) de nature(s). Mortagne du Nord, FR<\/p>\n\n\n\n<p>D\u00e9couvrir l&rsquo;art contemporain, Exposition itin\u00e9rante. SMAC. Avec le soutien du Conseil R\u00e9gional des Hauts-de-France<\/p>\n\n\n\n<p>Raccommoder les pierres. EROA Workshop en cours. Lomme. Haut de France. FR<\/p>\n\n\n\n<p>R\u00e9silience, Exposition collaborative en cours de r\u00e9sidence. Lyc\u00e9e Biotech Douai. FR<\/p>\n\n\n\n<p>Exposition collective.<\/p>\n\n\n\n<p>2022<\/p>\n\n\n\n<p>EROA , Tableaux fant\u00f4mes. Bailleul. Haut de France. FR<\/p>\n\n\n\n<p>D\u2019innombrables points d\u2019or m\u00eal\u00e9s en tourbillon, Out of box, Bruxelles. BE<\/p>\n\n\n\n<p>Le coeur \u00e0 l\u2019ouvrage. Coll\u00e8ge de la Sens\u00e9e Arleux. FR 2021<\/p>\n\n\n\n<p>Apories, exposition personnelle. La s\u00e9cu. Lille. FR Vivaces. Exposition collective. Le garage. Amboise. FR Duelles, en duo avec Anne Benoit. PPGM. FR<\/p>\n\n\n\n<p>Birds, avec Elodie Wysoky. Lille. FR<\/p>\n\n\n\n<p>2020<\/p>\n\n\n\n<p>Raccommoder les pierres. Exposition personnelle. La lune en parachute. Epinal. FR<\/p>\n\n\n\n<p>Bons baisers. Bureau d\u2019Art et de Recherches. Roubaix. FR Les 20 ans de la s\u00e9cu. La S\u00e9cu. Lille. FR<\/p>\n\n\n\n<p>Out of box. Bruxelles. BE<\/p>\n\n\n\n<p>2019 \u2028<\/p>\n\n\n\n<p>Lille Art Fair, repr\u00e9sent\u00e9e par Acid Gallery<\/p>\n\n\n\n<p>D\u00e9tours et d\u00e9rives. Biennale du Lin, Juin 2019. Qu\u00e9bec<\/p>\n\n\n\n<p>f\u00e9minin\/masculin EROA, Worshop\/Exposition personnelle. St Amand.<\/p>\n\n\n\n<p>Sur le fil. R\u00e9sidence\/ Exposition\/Workshop avec un public scolaire. Le mus\u00e9e vivant des enfants. Fresnes sur Escaut<\/p>\n\n\n\n<p>2018 \u2028<\/p>\n\n\n\n<p>Manifestons-nous, EROA, Coll\u00e8ge de Coudekerque<\/p>\n\n\n\n<p>Figure(s) en d\u00e9-rive, exposition personnelle, Galerie TRE A, Mons<\/p>\n\n\n\n<p>Girls don\u2019t cry, Exposition collective. Le chien vert. Vierville sur Mer. FR\u2028<\/p>\n\n\n\n<p>Lille art fair, repr\u00e9sent\u00e9e par Lasecu.\u2028<\/p>\n\n\n\n<p>Tableaux fant\u00f4mes, Exposition collective. La piscine. Roubaix\u2028<\/p>\n\n\n\n<p>Tableaux fant\u00f4mes, Exposition collective. Mus\u00e9e Marguerite Yourcenar.<\/p>\n\n\n\n<p>Avez-vous un motif, exposition collective. Galerie Fronti\u00e8res. Hellemmes<\/p>\n\n\n\n<p>Gu\u00e8re, exposition collective. Fresnes sur Escaut Parcours d\u2019artiste. Beloeil. Belgique<\/p>\n\n\n\n<p>Exposition personnelle, H\u00f4tel barri\u00e8re, Lille.<\/p>\n\n\n\n<p>2017\u2028<\/p>\n\n\n\n<p>J\u2019observe donc je suis, EROA, DRAC nord pas de calais.Coll\u00e8ge de la Bass\u00e9e\/ Coll\u00e8ge d\u2019Haubourdin \u2028<\/p>\n\n\n\n<p>Recyclage, La Manufacture. Roubaix.<\/p>\n\n\n\n<p>2016<\/p>\n\n\n\n<p>Home sweet Home! R\u00e9sidence en lyc\u00e9e. Galerie 09. Foix. Ari\u00e9ge. FR<\/p>\n\n\n\n<p>H\u00e9, Marie! Out Of Box. Bruxelles<\/p>\n\n\n\n<p>2015<\/p>\n\n\n\n<p>Projet Linceul(s) Bourse d\u2019aide \u00e0 la cr\u00e9ation et \u00e0 la recherche, R\u00e9gion nord pas de calais<\/p>\n\n\n\n<p>Linceul(s), workshop, Espace le Carr\u00e9 lille.<\/p>\n\n\n\n<p>Linceul(s) Workshop Ecole d\u2019art de calais.<\/p>\n\n\n\n<p>Linceul(s) Workshop\/Exposition Atelier 2, Villeneuve d\u2019ascq Linceul(s) J\u2019irai broder chez vous&#8230;Workshop mobile. Haut de France et Wallonie. FR\/BE<\/p>\n\n\n\n<p>Muscam\u00e9dia, la malterie. Lille. Performance suivie d\u2019une conf\u00e9rence de F. Yvan, Psychanalyste et Philosophe.<\/p>\n\n\n\n<p>EROA, espace de rencontre avec l\u2019Oeuvre d\u2019art. DRAC nord pas de calais. Coll\u00e8ge Matisse, Lille.<\/p>\n\n\n\n<p>Art UP, Galerie Anne Perr\u00e9<\/p>\n\n\n\n<p>DDessin, Paris.Galerie Anne Perr\u00e9<\/p>\n\n\n\n<p>Star\u2019t, Strasbourg. Foire d\u2019art contemporain, Galerie Anne Perr\u00e9<\/p>\n\n\n\n<p>Fil \u00e0 Fil, exposition collective, Atelier 2, Villeneuve d\u2019ascq. Recyclage, exposition collective. La manufacture. Roubaix<\/p>\n\n\n\n<p>Lady Made, Le carr\u00e9. Lille<\/p>\n\n\n\n<p>Nouvelle Feuille, Lille.<\/p>\n\n\n\n<p>Une l\u00e9g\u00e8re inqui\u00e9tude. Galerie White project. Paris<\/p>\n\n\n\n<p>R\u00e9sidence Mission Coudekerque Nord en partenariat avec le CRIC Bourse d\u2019aide \u00e0 la cr\u00e9ation, R\u00e9gion nord pas de calais<\/p>\n\n\n\n<p>2014<\/p>\n\n\n\n<p>Textile, exposition collective, Comines. Belgique<\/p>\n\n\n\n<p>Art up Lille, Galerie Anne Perr\u00e9 http:\/\/www.anneperre.com<\/p>\n\n\n\n<p>ARF3, foire d\u2019art contemporain, Galerie Anne Perr\u00e9<\/p>\n\n\n\n<p>Star\u2019t, Strasbourg. Foire d\u2019art contemporain, Galerie Anne Perr\u00e9 Achemar, exposition propos\u00e9e par la malterie \u00e0 la gare st-sauveur\/ lille 3000<\/p>\n\n\n\n<p>Tableaux fant\u00f4mes, Exposition collective, Mus\u00e9e de bailleul<\/p>\n\n\n\n<p>2013<\/p>\n\n\n\n<p>Bourse de recherches. TAMAT, centre de la tapisserie. Tournai. Belgique<\/p>\n\n\n\n<p>http:\/\/www.tamat.be\/fr\/Recherche<\/p>\n\n\n\n<p>2012 Aide \u00e0 l\u2019installation, Drac Nord Pas de Calais<\/p>\n\n\n\n<p>2013<\/p>\n\n\n\n<p>Achemar, Gare St-Sauveur\/lille 3000<\/p>\n\n\n\n<p>Sur le fil, exposition Centre st Exupery Reims Promesses, Exposition collective le Carr\u00e9 Inauguration partag\u00e9e, Galerie Bacqueville. Lille Recherches 2013 #. Mus\u00e9e de la Tapisserie. Tournai.\u2028<\/p>\n\n\n\n<p>2012<\/p>\n\n\n\n<p>Lille Art Fair<\/p>\n\n\n\n<p>Salon de la petite \u00e9dition, Morlaix. Finist\u00e8re. FR \u00abUtopies pessimistes\u00bb Le carr\u00e9, Lille<\/p>\n\n\n\n<p>\u00abTravers\u00e9e\u00bb la malterie en association avec Lille 3000 \u00abThe end of the world\u00bb Comines<\/p>\n\n\n\n<p>2011<\/p>\n\n\n\n<p>Triennale internationale de la Tapisserie et des Arts du Tissu,Tournai.<\/p>\n\n\n\n<p>Belgique<\/p>\n\n\n\n<p>Exposition personnelle, Biblioth\u00e8que universitaire de Valenciennes Multiples. Salon de la petite \u00e9dition d\u2019artiste. Morlaix<\/p>\n\n\n\n<p>Lille Art Fair<\/p>\n\n\n\n<p>2010 Happy New War, installation in situ, La condition publique, Roubaix<\/p>\n\n\n\n<p>Des Alter Est, exposition collective, Le Carr\u00e9. Lille<\/p>\n\n\n\n<p>Les Voraces, Workshop. Lyc\u00e9e Le Corbusier. Aubervilliers<\/p>\n\n\n\n<p>Grichili, exposition collective, la malterie. Lille<\/p>\n\n\n\n<p>Lille Art Fair<\/p>\n\n\n\n<p>2009 Vox populi les salaisons. ST-Ouen<\/p>\n\n\n\n<p>Performance \u00ab le choix des armes \u00bb, les Salaisons. ST-Ouen L\u2019appat du grain , Le carr\u00e9. Lille<\/p>\n\n\n\n<p>Cabinet de dessin, Galerie Chatiliez. Tourcoing \u00bb<\/p>\n\n\n\n<p>2008 Pour vivre heureux, vivons cach\u00e9s , Wall paper. Blackblock, Palais de<\/p>\n\n\n\n<p>Tokyo. Paris<\/p>\n\n\n\n<p>CAB # 6, Installation in situ Contempory Art Box. St Ouen Insidieusement&#8230; Installation participative. Lille<\/p>\n\n\n\n<p>Pour vivre heureux, vivons cach\u00e9s ,Wall painting. Ecole d\u2019art de Calais<\/p>\n\n\n\n<p>2007 La tapisserie n\u2019est pas tout&#8230;, Carte blanche \u00e0 Val\u00e9rie&nbsp;<\/p>\n\n\n\n<p>Conf\u00e9rences<\/p>\n\n\n\n<p>Arts appliqu\u00e9s\/arts plastiques : une relation trouble, ESSAT Roubaix Strat\u00e9gies de l\u2019invisible, le motif \u00e0 l\u2019oeuvre. Avec Fr\u00e9d\u00e9ric Yvan (philosophe\/Psychanalyste). Lyc\u00e9e Le Corbusier. Aubervilliers Entretiens avec Fr\u00e9d\u00e9ric Yvan. Art et Catharsis. Lyc\u00e9e Jean Monnet. Lille<\/p>\n\n\n\n<p>Les desseins du dessin. Facult\u00e9 d\u2019arts plastiques Lille III<\/p>\n\n\n\n<p>Le sens retrouv\u00e9. Conf\u00e9rence\/Workshop. Facult\u00e9 d\u2019arts plastiques Lille III<\/p>\n\n\n\n<p>Graphisme\/ Illustrations<\/p>\n\n\n\n<p>Communication visuelle saison 2011 du Printemps Culturel Illustrations pour Les tocards encha\u00een\u00e9s, Altercampagne Illustrations pour la Fondation Copernic et la conf\u00e9d\u00e9ration paysanne<\/p>\n\n\n\n<p>Illustrations pour la conf\u00e9d\u00e9ration paysanne<\/p>\n\n\n\n<p>DNA, Illustratrice pour la rubrique \u00e9conomique de 1994 \u00e0 1997 Je suis une Winstub, Ed. La nu\u00e9e Bleue<\/p>\n\n\n\n<p>Le Cahier des Saisons, Ed. La nu\u00e9e Bleue<\/p>\n\n\n\n<p>Publications<\/p>\n\n\n\n<p>Catalogue d\u2019exposition \u00ab Val\u00e9rie Vaubourg \u00bb. Les Presses universitaires de<\/p>\n\n\n\n<p>Valenciennes<\/p>\n\n\n\n<p>5 continents. 7\u00e9me triennale internationale des arts du tissu Histoire de paravent. Somogy Edition D\u2019Art<\/p>\n\n\n\n<p>Jeune Cr\u00e9ation 06<\/p>\n\n\n\n<p>Cahier de Coloriage. Galerie Chatiliez<\/p>\n\n\n\n<p>50\u00d750. La S\u00e9cu<\/p>\n\n\n\n<p>Violence of Images \u2013 The Young Artists\u2019 Biennial\u2028<\/p>\n","protected":false},"excerpt":{"rendered":"<p>N\u00e9e en 1970 Vit et travaille \u00e0 Lille, France Formation &#8211; Dipl\u00f4mes 2001 Agr\u00e9gation d\u2019arts plastiques\u2028 1996 Maitrise d\u2019arts plastiques, Universit\u00e9 de Strasbourg 1994 DNSEP, mention tr\u00e8s bien\u2028 1992 DNAP R\u00e9sidences 2023 R\u00e9sidence- cr\u00e9ation m\u00e9diation Art et nature. Exposition collaborative \u00e9volutive. Lyc\u00e9e Horticole Biotech Douai partenariat SMAC. FR 2022 Le coeur \u00e0 l\u2019ouvrage. RESAC, r\u00e9sidence &hellip; <\/p>\n<p class=\"link-more\"><a href=\"https:\/\/valerievaubourg.com\/?page_id=1473\" class=\"more-link\">Continuer la lecture<span class=\"screen-reader-text\"> de &laquo;&nbsp;cv&nbsp;&raquo;<\/span><\/a><\/p>\n","protected":false},"author":1,"featured_media":0,"parent":0,"menu_order":0,"comment_status":"closed","ping_status":"closed","template":"","meta":{"footnotes":""},"_links":{"self":[{"href":"https:\/\/valerievaubourg.com\/index.php?rest_route=\/wp\/v2\/pages\/1473"}],"collection":[{"href":"https:\/\/valerievaubourg.com\/index.php?rest_route=\/wp\/v2\/pages"}],"about":[{"href":"https:\/\/valerievaubourg.com\/index.php?rest_route=\/wp\/v2\/types\/page"}],"author":[{"embeddable":true,"href":"https:\/\/valerievaubourg.com\/index.php?rest_route=\/wp\/v2\/users\/1"}],"replies":[{"embeddable":true,"href":"https:\/\/valerievaubourg.com\/index.php?rest_route=%2Fwp%2Fv2%2Fcomments&post=1473"}],"version-history":[{"count":2,"href":"https:\/\/valerievaubourg.com\/index.php?rest_route=\/wp\/v2\/pages\/1473\/revisions"}],"predecessor-version":[{"id":1907,"href":"https:\/\/valerievaubourg.com\/index.php?rest_route=\/wp\/v2\/pages\/1473\/revisions\/1907"}],"wp:attachment":[{"href":"https:\/\/valerievaubourg.com\/index.php?rest_route=%2Fwp%2Fv2%2Fmedia&parent=1473"}],"curies":[{"name":"wp","href":"https:\/\/api.w.org\/{rel}","templated":true}]}}