{"id":1368,"date":"2024-05-14T13:26:16","date_gmt":"2024-05-14T13:26:16","guid":{"rendered":"https:\/\/valerievaubourg.com\/?page_id=1368"},"modified":"2024-06-05T15:43:24","modified_gmt":"2024-06-05T15:43:24","slug":"cet-ete-2006-jetais-en-vacances","status":"publish","type":"page","link":"https:\/\/valerievaubourg.com\/?page_id=1368","title":{"rendered":"Cet \u00e9t\u00e9 2006, j&rsquo;\u00e9tais en vacances"},"content":{"rendered":"\n<figure class=\"wp-block-image size-large\"><a href=\"http:\/\/valerievaubourg.com\/wp-content\/uploads\/2018\/03\/cet-\u00e9t\u00e9-2006.jpg\"><img loading=\"lazy\" decoding=\"async\" width=\"757\" height=\"1024\" src=\"http:\/\/valerievaubourg.com\/wp-content\/uploads\/2018\/03\/cet-\u00e9t\u00e9-2006-757x1024.jpg\" alt=\"\" class=\"wp-image-844\" srcset=\"https:\/\/valerievaubourg.com\/wp-content\/uploads\/2018\/03\/cet-\u00e9t\u00e9-2006-757x1024.jpg 757w, https:\/\/valerievaubourg.com\/wp-content\/uploads\/2018\/03\/cet-\u00e9t\u00e9-2006-222x300.jpg 222w, https:\/\/valerievaubourg.com\/wp-content\/uploads\/2018\/03\/cet-\u00e9t\u00e9-2006-768x1039.jpg 768w\" sizes=\"(max-width: 706px) 89vw, (max-width: 767px) 82vw, 740px\" \/><\/a><\/figure>\n\n\n\n<figure class=\"wp-block-gallery has-nested-images columns-default is-cropped wp-block-gallery-1 is-layout-flex wp-block-gallery-is-layout-flex\">\n<figure class=\"wp-block-image size-large\"><a href=\"https:\/\/valerievaubourg.com\/wp-content\/uploads\/2018\/02\/visuel-CAB-copier-1.jpg\"><img decoding=\"async\" data-id=\"819\" src=\"https:\/\/valerievaubourg.com\/wp-content\/uploads\/2018\/02\/visuel-CAB-copier-1-859x1024.jpg\" alt=\"Installation\" class=\"wp-image-819\"\/><\/a><\/figure>\n\n\n\n<figure class=\"wp-block-image size-large\"><a href=\"https:\/\/valerievaubourg.com\/wp-content\/uploads\/2015\/01\/5.cet-\u00e9t\u00e9-l\u00e0.jpg\"><img loading=\"lazy\" decoding=\"async\" width=\"1024\" height=\"1024\" data-id=\"315\" src=\"https:\/\/valerievaubourg.com\/wp-content\/uploads\/2015\/01\/5.cet-\u00e9t\u00e9-l\u00e0-1024x1024.jpg\" alt=\"\" class=\"wp-image-315\" srcset=\"https:\/\/valerievaubourg.com\/wp-content\/uploads\/2015\/01\/5.cet-\u00e9t\u00e9-l\u00e0-1024x1024.jpg 1024w, https:\/\/valerievaubourg.com\/wp-content\/uploads\/2015\/01\/5.cet-\u00e9t\u00e9-l\u00e0-150x150.jpg 150w, https:\/\/valerievaubourg.com\/wp-content\/uploads\/2015\/01\/5.cet-\u00e9t\u00e9-l\u00e0-300x300.jpg 300w, https:\/\/valerievaubourg.com\/wp-content\/uploads\/2015\/01\/5.cet-\u00e9t\u00e9-l\u00e0-305x305.jpg 305w\" sizes=\"(max-width: 767px) 89vw, (max-width: 1000px) 54vw, (max-width: 1071px) 543px, 580px\" \/><\/a><figcaption class=\"wp-element-caption\">Papier peint , s\u00e9rigraphie.<\/figcaption><\/figure>\n<\/figure>\n","protected":false},"excerpt":{"rendered":"","protected":false},"author":1,"featured_media":0,"parent":0,"menu_order":0,"comment_status":"closed","ping_status":"closed","template":"","meta":{"footnotes":""},"_links":{"self":[{"href":"https:\/\/valerievaubourg.com\/index.php?rest_route=\/wp\/v2\/pages\/1368"}],"collection":[{"href":"https:\/\/valerievaubourg.com\/index.php?rest_route=\/wp\/v2\/pages"}],"about":[{"href":"https:\/\/valerievaubourg.com\/index.php?rest_route=\/wp\/v2\/types\/page"}],"author":[{"embeddable":true,"href":"https:\/\/valerievaubourg.com\/index.php?rest_route=\/wp\/v2\/users\/1"}],"replies":[{"embeddable":true,"href":"https:\/\/valerievaubourg.com\/index.php?rest_route=%2Fwp%2Fv2%2Fcomments&post=1368"}],"version-history":[{"count":3,"href":"https:\/\/valerievaubourg.com\/index.php?rest_route=\/wp\/v2\/pages\/1368\/revisions"}],"predecessor-version":[{"id":1615,"href":"https:\/\/valerievaubourg.com\/index.php?rest_route=\/wp\/v2\/pages\/1368\/revisions\/1615"}],"wp:attachment":[{"href":"https:\/\/valerievaubourg.com\/index.php?rest_route=%2Fwp%2Fv2%2Fmedia&parent=1368"}],"curies":[{"name":"wp","href":"https:\/\/api.w.org\/{rel}","templated":true}]}}