{"id":1360,"date":"2024-05-14T13:26:15","date_gmt":"2024-05-14T13:26:15","guid":{"rendered":"https:\/\/valerievaubourg.com\/?page_id=1360"},"modified":"2024-08-31T09:04:49","modified_gmt":"2024-08-31T09:04:49","slug":"raccommoder-les-verres","status":"publish","type":"page","link":"https:\/\/valerievaubourg.com\/?page_id=1360","title":{"rendered":"Raccommoder les verres"},"content":{"rendered":"\n<p>En p\u00e9riode de confinement, la disponibilit\u00e9 des mat\u00e9riaux et l\u2019acc\u00e8s \u00e0 un atelier se font plus difficiles. L\u2019artiste Val\u00e9rie Vaubourg s\u2019est ainsi tourn\u00e9e vers ce qu\u2019elle avait sous la main, des&nbsp;verres \u00e0 vin. Compagnons privil\u00e9gi\u00e9s, objets \u00e0 briser ou mati\u00e8re \u00e0 penser, les verres \u00e0 vin et leurs formes vari\u00e9es sont des objets familiers et quotidiens. La fragilit\u00e9 de leur constitution, ou les acc\u00e8s de col\u00e8re des sc\u00e8nes quotidiennes, en font des objets \u00e0 la vie souvent courte. Ils&nbsp;sont artificiels, n\u00e9s de la main de l\u2019homme et distribu\u00e9s en grande quantit\u00e9, mais ne semblentpas arm\u00e9s face au temps. Ils doivent \u00eatre \u00ab raccommod\u00e9s \u00bb.<\/p>\n\n\n\n<p>Comme dans un cimeti\u00e8re des objets cass\u00e9s, t\u00e9moins des \u00e9pisodes de vie de chacun, les&nbsp;verres \u00e0 vin de Val\u00e9rie Vaubourg font l\u2019objet de \u00ab raccommodages \u00bb qui compl\u00e8tent, re-&nbsp;mettent en forme mais n\u2019effacent pas la trace de la blessure. Ici les raccommodages semblent&nbsp;\u00eatre faits avec de la dentelle qui leur donne un aspect encore plus vuln\u00e9rable.<\/p>\n\n\n\n<p>De fa\u00e7on po\u00e9tique, les squelettes de feuilles viennent en effet d\u00e9licatement panser les ex-\u00a0tr\u00e9mit\u00e9s tranchantes du verre. L\u2019aspect lourd, blessant et immuable du verre contraste avec la finesse et la l\u00e9g\u00e8ret\u00e9 de la feuille, d\u00e9j\u00e0 morte et en pleine d\u00e9composition. Le squelette de\u00a0la feuille nous rend visible l\u2019int\u00e9rieur et la fragilit\u00e9 des tiges qui le supportent. A terme, seul le verre perdurera et sa rencontre avec cet \u00e9l\u00e9ment naturel ne sera qu\u2019un souvenir. La mati\u00e8re\u00a0organique tend \u00e0 r\u00e9parer, consolider. A la mani\u00e8re de la chrysalide d\u2019un papillon, la mati\u00e8reorganique englobe, panse, pour cr\u00e9er la vie et la nouveaut\u00e9.<\/p>\n\n\n\n<p>Les verres \u00e0 vin encore bien structur\u00e9s et reconnaissables prennent alors au fur et \u00e0 mesure\u00a0de l\u2019installation une apparence diff\u00e9rente. Bient\u00f4t, c\u2019est le squelette de feuille qui est le plus\u00a0pr\u00e9sent et qui englobe petit \u00e0 petit les morceaux de verre qui s\u2019\u00e9lancent. Comme en suspen- sion, les feuilles volent et ne se laissent pas retenir par les \u00e9clats de verre qui pourraient les\u00a0maintenir au sol. Comme pour pr\u00e9sager la fin de l\u2019empreinte de l\u2019\u00eatre humain sur Terre, les objets que nous cr\u00e9ons perdurent mais n\u2019emp\u00eachent pas les processus et les cycles naturels\u00a0de retrouver leur place et de prendre le dessus. Quand bien m\u00eame les feuilles mortes dispara\u00eetront avant le verre, leur vie r\u00e9g\u00e9n\u00e9r\u00e9e ne trouve pas de fin.<\/p>\n\n\n\n<figure class=\"wp-block-image size-large\"><a href=\"http:\/\/valerievaubourg.com\/wp-content\/uploads\/2021\/01\/V.-Vaubourg-3.jpg\"><img loading=\"lazy\" decoding=\"async\" width=\"1024\" height=\"683\" src=\"http:\/\/valerievaubourg.com\/wp-content\/uploads\/2021\/01\/V.-Vaubourg-3-1024x683.jpg\" alt=\"installation\" class=\"wp-image-1111\" srcset=\"https:\/\/valerievaubourg.com\/wp-content\/uploads\/2021\/01\/V.-Vaubourg-3-1024x683.jpg 1024w, https:\/\/valerievaubourg.com\/wp-content\/uploads\/2021\/01\/V.-Vaubourg-3-300x200.jpg 300w, https:\/\/valerievaubourg.com\/wp-content\/uploads\/2021\/01\/V.-Vaubourg-3-768x512.jpg 768w\" sizes=\"(max-width: 767px) 89vw, (max-width: 1000px) 54vw, (max-width: 1071px) 543px, 580px\" \/><\/a><figcaption class=\"wp-element-caption\">Les squelettes de feuilles viennent panser les extr\u00e9mit\u00e9s tranchantes du verre. L\u2019aspect blessant et immuable du verre contraste avec la finesse et la l\u00e9g\u00e8ret\u00e9 de la feuille, d\u00e9j\u00e0 morte et en pleine d\u00e9composition. A terme, seul le verre perdure et sa rencontre avec cet \u00e9l\u00e9ment naturel ne sera qu\u2019un souvenir.\n<\/figcaption><\/figure>\n\n\n\n<figure class=\"wp-block-image size-large\"><a href=\"http:\/\/valerievaubourg.com\/wp-content\/uploads\/2021\/01\/Raccomoder-les-verres-3.jpg\"><img loading=\"lazy\" decoding=\"async\" width=\"912\" height=\"1024\" src=\"http:\/\/valerievaubourg.com\/wp-content\/uploads\/2021\/01\/Raccomoder-les-verres-3-912x1024.jpg\" alt=\"exposition Bons baisers\" class=\"wp-image-1109\" srcset=\"https:\/\/valerievaubourg.com\/wp-content\/uploads\/2021\/01\/Raccomoder-les-verres-3-912x1024.jpg 912w, https:\/\/valerievaubourg.com\/wp-content\/uploads\/2021\/01\/Raccomoder-les-verres-3-267x300.jpg 267w, https:\/\/valerievaubourg.com\/wp-content\/uploads\/2021\/01\/Raccomoder-les-verres-3-768x863.jpg 768w\" sizes=\"(max-width: 767px) 89vw, (max-width: 1000px) 54vw, (max-width: 1071px) 543px, 580px\" \/><\/a><figcaption class=\"wp-element-caption\">Raccommoder les verres, 2020 <\/figcaption><\/figure>\n\n\n\n<figure class=\"wp-block-image size-large\"><a href=\"http:\/\/valerievaubourg.com\/wp-content\/uploads\/2020\/12\/cropped-Exposition-Raccommoder-les-pierres-Val\u00e9rie-Vaubourg-2020-14.jpg\"><img loading=\"lazy\" decoding=\"async\" width=\"1024\" height=\"614\" src=\"http:\/\/valerievaubourg.com\/wp-content\/uploads\/2020\/12\/cropped-Exposition-Raccommoder-les-pierres-Val\u00e9rie-Vaubourg-2020-14-1024x614.jpg\" alt=\"Exposition-Raccommoder-les-pierres-Val\u00e9rie-Vaubourg-2020\" class=\"wp-image-1049\" srcset=\"https:\/\/valerievaubourg.com\/wp-content\/uploads\/2020\/12\/cropped-Exposition-Raccommoder-les-pierres-Val\u00e9rie-Vaubourg-2020-14-1024x614.jpg 1024w, https:\/\/valerievaubourg.com\/wp-content\/uploads\/2020\/12\/cropped-Exposition-Raccommoder-les-pierres-Val\u00e9rie-Vaubourg-2020-14-300x180.jpg 300w, https:\/\/valerievaubourg.com\/wp-content\/uploads\/2020\/12\/cropped-Exposition-Raccommoder-les-pierres-Val\u00e9rie-Vaubourg-2020-14-768x461.jpg 768w, https:\/\/valerievaubourg.com\/wp-content\/uploads\/2020\/12\/cropped-Exposition-Raccommoder-les-pierres-Val\u00e9rie-Vaubourg-2020-14.jpg 2000w\" sizes=\"(max-width: 767px) 89vw, (max-width: 1000px) 54vw, (max-width: 1071px) 543px, 580px\" \/><\/a><figcaption class=\"wp-element-caption\">Raccommoder les verres,   feuilles de magnolia squelettis\u00e9es, ballons de verre<\/figcaption><\/figure>\n\n\n\n<figure class=\"wp-block-image size-large\"><a href=\"http:\/\/valerievaubourg.com\/wp-content\/uploads\/2021\/01\/Raccomoder-les-feuilles.-2020.jpg\"><img loading=\"lazy\" decoding=\"async\" width=\"1024\" height=\"768\" src=\"http:\/\/valerievaubourg.com\/wp-content\/uploads\/2021\/01\/Raccomoder-les-feuilles.-2020-1024x768.jpg\" alt=\"exposition Bons baisers\" class=\"wp-image-1108\" srcset=\"https:\/\/valerievaubourg.com\/wp-content\/uploads\/2021\/01\/Raccomoder-les-feuilles.-2020-1024x768.jpg 1024w, https:\/\/valerievaubourg.com\/wp-content\/uploads\/2021\/01\/Raccomoder-les-feuilles.-2020-300x225.jpg 300w, https:\/\/valerievaubourg.com\/wp-content\/uploads\/2021\/01\/Raccomoder-les-feuilles.-2020-768x576.jpg 768w\" sizes=\"(max-width: 767px) 89vw, (max-width: 1000px) 54vw, (max-width: 1071px) 543px, 580px\" \/><\/a><figcaption class=\"wp-element-caption\">Raccommoder les feuilles. Eclats de Verres \u00e0 vin, feuilles de magnolia squelettis\u00e9es<\/figcaption><\/figure>\n\n\n\n<figure class=\"wp-block-image size-large\"><a href=\"http:\/\/valerievaubourg.com\/wp-content\/uploads\/2024\/06\/Apories-Verres-et-squelettes-de-feuilles.-Installation-dimension-variables-scaled.jpg\"><img loading=\"lazy\" decoding=\"async\" width=\"650\" height=\"1024\" src=\"http:\/\/valerievaubourg.com\/wp-content\/uploads\/2024\/06\/Apories-Verres-et-squelettes-de-feuilles.-Installation-dimension-variables-650x1024.jpg\" alt=\"\" class=\"wp-image-1686\" srcset=\"https:\/\/valerievaubourg.com\/wp-content\/uploads\/2024\/06\/Apories-Verres-et-squelettes-de-feuilles.-Installation-dimension-variables-650x1024.jpg 650w, https:\/\/valerievaubourg.com\/wp-content\/uploads\/2024\/06\/Apories-Verres-et-squelettes-de-feuilles.-Installation-dimension-variables-190x300.jpg 190w, https:\/\/valerievaubourg.com\/wp-content\/uploads\/2024\/06\/Apories-Verres-et-squelettes-de-feuilles.-Installation-dimension-variables-768x1210.jpg 768w, https:\/\/valerievaubourg.com\/wp-content\/uploads\/2024\/06\/Apories-Verres-et-squelettes-de-feuilles.-Installation-dimension-variables-975x1536.jpg 975w, https:\/\/valerievaubourg.com\/wp-content\/uploads\/2024\/06\/Apories-Verres-et-squelettes-de-feuilles.-Installation-dimension-variables-1300x2048.jpg 1300w, https:\/\/valerievaubourg.com\/wp-content\/uploads\/2024\/06\/Apories-Verres-et-squelettes-de-feuilles.-Installation-dimension-variables-scaled.jpg 1625w\" sizes=\"(max-width: 650px) 100vw, 650px\" \/><\/a><figcaption class=\"wp-element-caption\">smart<\/figcaption><\/figure>\n","protected":false},"excerpt":{"rendered":"<p>En p\u00e9riode de confinement, la disponibilit\u00e9 des mat\u00e9riaux et l\u2019acc\u00e8s \u00e0 un atelier se font plus difficiles. L\u2019artiste Val\u00e9rie Vaubourg s\u2019est ainsi tourn\u00e9e vers ce qu\u2019elle avait sous la main, des&nbsp;verres \u00e0 vin. Compagnons privil\u00e9gi\u00e9s, objets \u00e0 briser ou mati\u00e8re \u00e0 penser, les verres \u00e0 vin et leurs formes vari\u00e9es sont des objets familiers et &hellip; <\/p>\n<p class=\"link-more\"><a href=\"https:\/\/valerievaubourg.com\/?page_id=1360\" class=\"more-link\">Continuer la lecture<span class=\"screen-reader-text\"> de &laquo;&nbsp;Raccommoder les verres&nbsp;&raquo;<\/span><\/a><\/p>\n","protected":false},"author":1,"featured_media":0,"parent":0,"menu_order":0,"comment_status":"closed","ping_status":"closed","template":"","meta":{"footnotes":""},"_links":{"self":[{"href":"https:\/\/valerievaubourg.com\/index.php?rest_route=\/wp\/v2\/pages\/1360"}],"collection":[{"href":"https:\/\/valerievaubourg.com\/index.php?rest_route=\/wp\/v2\/pages"}],"about":[{"href":"https:\/\/valerievaubourg.com\/index.php?rest_route=\/wp\/v2\/types\/page"}],"author":[{"embeddable":true,"href":"https:\/\/valerievaubourg.com\/index.php?rest_route=\/wp\/v2\/users\/1"}],"replies":[{"embeddable":true,"href":"https:\/\/valerievaubourg.com\/index.php?rest_route=%2Fwp%2Fv2%2Fcomments&post=1360"}],"version-history":[{"count":6,"href":"https:\/\/valerievaubourg.com\/index.php?rest_route=\/wp\/v2\/pages\/1360\/revisions"}],"predecessor-version":[{"id":1912,"href":"https:\/\/valerievaubourg.com\/index.php?rest_route=\/wp\/v2\/pages\/1360\/revisions\/1912"}],"wp:attachment":[{"href":"https:\/\/valerievaubourg.com\/index.php?rest_route=%2Fwp%2Fv2%2Fmedia&parent=1360"}],"curies":[{"name":"wp","href":"https:\/\/api.w.org\/{rel}","templated":true}]}}